{"id":12,"date":"2018-12-03T09:15:19","date_gmt":"2018-12-03T08:15:19","guid":{"rendered":"http:\/\/blog.zhaw.ch\/winsights\/?page_id=12"},"modified":"2018-12-05T07:54:26","modified_gmt":"2018-12-05T06:54:26","slug":"ueber-uns","status":"publish","type":"page","link":"https:\/\/blog.zhaw.ch\/winsights\/ueber-uns\/","title":{"rendered":"\u00dcber uns"},"content":{"rendered":"<p>Das Institut f\u00fcr Wirtschaftsinformatik (IWI) operiert an der Schnittstelle zwischen Betriebswirtschaft und Informatik und verfolgt das Ziel, die Innovationskraft von Gesellschaft und Wirtschaft zu steigern. Unser Leitgedanke: \u00abFrom Information to Innovation\u00bb<\/p>\n<p>Informatik ist nicht nur Treiber f\u00fcr Prozessoptimierungen, sondern erm\u00f6glicht mittlerweile v\u00f6llig neue Gesch\u00e4ftsmodelle. Wir unterst\u00fctzen Unternehmen verschiedenster Branchen sowie \u00f6ffentliche Institutionen in der digitalen Transformation ihrer Gesch\u00e4ftsmodelle, der Neugestaltung ihrer Kundenprozesse und der Prozessautomatisierung. Das erfolgt sowohl in angewandten <a href=\"https:\/\/www.zhaw.ch\/de\/sml\/institute-zentren\/iwi\/forschungs-und-beratungsprojekte\/\">Forschungsprojekten oder Beratungsmandaten<\/a> als auch durch ein breites <a href=\"https:\/\/www.zhaw.ch\/de\/sml\/institute-zentren\/iwi\/weiterbildung\/\">Weiterbildungsangebot<\/a>, welches ihre Mitarbeitenden mit wissenschaftlich fundierten und praxisnahen Inhalten am Puls der Zeit h\u00e4lt.<\/p>\n<p>Unsere Mission ist es, die Innovationskraft der Gesellschaft und Wirtschaft zu steigern. Durch praxisnahe <a href=\"https:\/\/www.zhaw.ch\/de\/sml\/institute-zentren\/iwi\/veranstaltungen\/winsights\/\">Symposien<\/a> f\u00f6rdern wir einen inspirierenden Austausch zwischen Hochschule und Unternehmen.<\/p>\n<p>Mehr Informationen zum Institut: <a href=\"http:\/\/www.zhaw.ch\/iwi\">http:\/\/www.zhaw.ch\/iwi<\/a><\/p>\n","protected":false},"excerpt":{"rendered":"<p>Das Institut f\u00fcr Wirtschaftsinformatik (IWI) operiert an der Schnittstelle zwischen Betriebswirtschaft und Informatik und verfolgt das Ziel, die Innovationskraft von Gesellschaft und Wirtschaft zu steigern. Unser Leitgedanke: \u00abFrom Information to Innovation\u00bb Informatik ist nicht nur Treiber f\u00fcr Prozessoptimierungen, sondern erm\u00f6glicht mittlerweile v\u00f6llig neue Gesch\u00e4ftsmodelle. Wir unterst\u00fctzen Unternehmen verschiedenster Branchen sowie \u00f6ffentliche Institutionen in der digitalen [&hellip;]<\/p>\n","protected":false},"author":2,"featured_media":0,"parent":0,"menu_order":0,"comment_status":"closed","ping_status":"closed","template":"","meta":{"ngg_post_thumbnail":0,"footnotes":""},"class_list":["post-12","page","type-page","status-publish","hentry"],"yoast_head":"<!-- This site is optimized with the Yoast SEO Premium plugin v27.2 (Yoast SEO v27.2) - https:\/\/yoast.com\/product\/yoast-seo-premium-wordpress\/ -->\n<title>\u00dcber uns - WINsights<\/title>\n<meta name=\"robots\" content=\"index, follow, max-snippet:-1, max-image-preview:large, max-video-preview:-1\" \/>\n<link rel=\"canonical\" href=\"https:\/\/blog.zhaw.ch\/winsights\/ueber-uns\/\" \/>\n<meta property=\"og:locale\" content=\"de_DE\" \/>\n<meta property=\"og:type\" content=\"article\" \/>\n<meta property=\"og:title\" content=\"\u00dcber uns\" \/>\n<meta property=\"og:description\" content=\"Das Institut f\u00fcr Wirtschaftsinformatik (IWI) operiert an der Schnittstelle zwischen Betriebswirtschaft und Informatik und verfolgt das Ziel, die Innovationskraft von Gesellschaft und Wirtschaft zu steigern. Unser Leitgedanke: \u00abFrom Information to Innovation\u00bb Informatik ist nicht nur Treiber f\u00fcr Prozessoptimierungen, sondern erm\u00f6glicht mittlerweile v\u00f6llig neue Gesch\u00e4ftsmodelle. Wir unterst\u00fctzen Unternehmen verschiedenster Branchen sowie \u00f6ffentliche Institutionen in der digitalen [&hellip;]\" \/>\n<meta property=\"og:url\" content=\"https:\/\/blog.zhaw.ch\/winsights\/ueber-uns\/\" \/>\n<meta property=\"og:site_name\" content=\"WINsights\" \/>\n<meta property=\"article:modified_time\" content=\"2018-12-05T06:54:26+00:00\" \/>\n<meta name=\"twitter:card\" content=\"summary_large_image\" \/>\n<meta name=\"twitter:label1\" content=\"Gesch\u00e4tzte Lesezeit\" \/>\n\t<meta name=\"twitter:data1\" content=\"1\u00a0Minute\" \/>\n<script type=\"application\/ld+json\" class=\"yoast-schema-graph\">{\"@context\":\"https:\/\/schema.org\",\"@graph\":[{\"@type\":\"WebPage\",\"@id\":\"https:\/\/blog.zhaw.ch\/winsights\/ueber-uns\/\",\"url\":\"https:\/\/blog.zhaw.ch\/winsights\/ueber-uns\/\",\"name\":\"\u00dcber uns - WINsights\",\"isPartOf\":{\"@id\":\"https:\/\/blog.zhaw.ch\/winsights\/#website\"},\"datePublished\":\"2018-12-03T08:15:19+00:00\",\"dateModified\":\"2018-12-05T06:54:26+00:00\",\"breadcrumb\":{\"@id\":\"https:\/\/blog.zhaw.ch\/winsights\/ueber-uns\/#breadcrumb\"},\"inLanguage\":\"de\",\"potentialAction\":[{\"@type\":\"ReadAction\",\"target\":[\"https:\/\/blog.zhaw.ch\/winsights\/ueber-uns\/\"]}]},{\"@type\":\"BreadcrumbList\",\"@id\":\"https:\/\/blog.zhaw.ch\/winsights\/ueber-uns\/#breadcrumb\",\"itemListElement\":[{\"@type\":\"ListItem\",\"position\":1,\"name\":\"Startseite\",\"item\":\"https:\/\/blog.zhaw.ch\/winsights\/\"},{\"@type\":\"ListItem\",\"position\":2,\"name\":\"\u00dcber uns\"}]},{\"@type\":\"WebSite\",\"@id\":\"https:\/\/blog.zhaw.ch\/winsights\/#website\",\"url\":\"https:\/\/blog.zhaw.ch\/winsights\/\",\"name\":\"WINsights\",\"description\":\"Ein Blog der ZHAW Z\u00fcrcher Hochschule f\u00fcr Angewandte Wissenschaften\",\"potentialAction\":[{\"@type\":\"SearchAction\",\"target\":{\"@type\":\"EntryPoint\",\"urlTemplate\":\"https:\/\/blog.zhaw.ch\/winsights\/?s={search_term_string}\"},\"query-input\":{\"@type\":\"PropertyValueSpecification\",\"valueRequired\":true,\"valueName\":\"search_term_string\"}}],\"inLanguage\":\"de\"}]}<\/script>\n<!-- \/ Yoast SEO Premium plugin. -->","yoast_head_json":{"title":"\u00dcber uns - WINsights","robots":{"index":"index","follow":"follow","max-snippet":"max-snippet:-1","max-image-preview":"max-image-preview:large","max-video-preview":"max-video-preview:-1"},"canonical":"https:\/\/blog.zhaw.ch\/winsights\/ueber-uns\/","og_locale":"de_DE","og_type":"article","og_title":"\u00dcber uns","og_description":"Das Institut f\u00fcr Wirtschaftsinformatik (IWI) operiert an der Schnittstelle zwischen Betriebswirtschaft und Informatik und verfolgt das Ziel, die Innovationskraft von Gesellschaft und Wirtschaft zu steigern. Unser Leitgedanke: \u00abFrom Information to Innovation\u00bb Informatik ist nicht nur Treiber f\u00fcr Prozessoptimierungen, sondern erm\u00f6glicht mittlerweile v\u00f6llig neue Gesch\u00e4ftsmodelle. Wir unterst\u00fctzen Unternehmen verschiedenster Branchen sowie \u00f6ffentliche Institutionen in der digitalen [&hellip;]","og_url":"https:\/\/blog.zhaw.ch\/winsights\/ueber-uns\/","og_site_name":"WINsights","article_modified_time":"2018-12-05T06:54:26+00:00","twitter_card":"summary_large_image","twitter_misc":{"Gesch\u00e4tzte Lesezeit":"1\u00a0Minute"},"schema":{"@context":"https:\/\/schema.org","@graph":[{"@type":"WebPage","@id":"https:\/\/blog.zhaw.ch\/winsights\/ueber-uns\/","url":"https:\/\/blog.zhaw.ch\/winsights\/ueber-uns\/","name":"\u00dcber uns - WINsights","isPartOf":{"@id":"https:\/\/blog.zhaw.ch\/winsights\/#website"},"datePublished":"2018-12-03T08:15:19+00:00","dateModified":"2018-12-05T06:54:26+00:00","breadcrumb":{"@id":"https:\/\/blog.zhaw.ch\/winsights\/ueber-uns\/#breadcrumb"},"inLanguage":"de","potentialAction":[{"@type":"ReadAction","target":["https:\/\/blog.zhaw.ch\/winsights\/ueber-uns\/"]}]},{"@type":"BreadcrumbList","@id":"https:\/\/blog.zhaw.ch\/winsights\/ueber-uns\/#breadcrumb","itemListElement":[{"@type":"ListItem","position":1,"name":"Startseite","item":"https:\/\/blog.zhaw.ch\/winsights\/"},{"@type":"ListItem","position":2,"name":"\u00dcber uns"}]},{"@type":"WebSite","@id":"https:\/\/blog.zhaw.ch\/winsights\/#website","url":"https:\/\/blog.zhaw.ch\/winsights\/","name":"WINsights","description":"Ein Blog der ZHAW Z\u00fcrcher Hochschule f\u00fcr Angewandte Wissenschaften","potentialAction":[{"@type":"SearchAction","target":{"@type":"EntryPoint","urlTemplate":"https:\/\/blog.zhaw.ch\/winsights\/?s={search_term_string}"},"query-input":{"@type":"PropertyValueSpecification","valueRequired":true,"valueName":"search_term_string"}}],"inLanguage":"de"}]}},"_links":{"self":[{"href":"https:\/\/blog.zhaw.ch\/winsights\/wp-json\/wp\/v2\/pages\/12","targetHints":{"allow":["GET"]}}],"collection":[{"href":"https:\/\/blog.zhaw.ch\/winsights\/wp-json\/wp\/v2\/pages"}],"about":[{"href":"https:\/\/blog.zhaw.ch\/winsights\/wp-json\/wp\/v2\/types\/page"}],"author":[{"embeddable":true,"href":"https:\/\/blog.zhaw.ch\/winsights\/wp-json\/wp\/v2\/users\/2"}],"replies":[{"embeddable":true,"href":"https:\/\/blog.zhaw.ch\/winsights\/wp-json\/wp\/v2\/comments?post=12"}],"version-history":[{"count":5,"href":"https:\/\/blog.zhaw.ch\/winsights\/wp-json\/wp\/v2\/pages\/12\/revisions"}],"predecessor-version":[{"id":22,"href":"https:\/\/blog.zhaw.ch\/winsights\/wp-json\/wp\/v2\/pages\/12\/revisions\/22"}],"wp:attachment":[{"href":"https:\/\/blog.zhaw.ch\/winsights\/wp-json\/wp\/v2\/media?parent=12"}],"curies":[{"name":"wp","href":"https:\/\/api.w.org\/{rel}","templated":true}]}}