{"id":15,"date":"2024-02-06T08:26:37","date_gmt":"2024-02-06T07:26:37","guid":{"rendered":"https:\/\/blog.zhaw.ch\/wealth-management\/?page_id=15"},"modified":"2024-03-06T09:16:08","modified_gmt":"2024-03-06T08:16:08","slug":"imprint","status":"publish","type":"page","link":"https:\/\/blog.zhaw.ch\/wealth-management\/imprint\/","title":{"rendered":"Imprint"},"content":{"rendered":"\n<p><strong>ZHAW Z\u00fcrcher Hochschule f\u00fcr Angewandte Wissenschaften<\/strong><br><strong>School of Management and Law (SML)<\/strong><br>Abteilung Banking, Finance &amp; Insurance<br>Institut f\u00fcr Wealth &amp; Asset Management<br>Gertrudstrasse 8<br>Postfach<br>CH-8401 Winterthur<\/p>\n\n\n\n<p>+41 58 934 41 20<br>info.iwa@zhaw.ch<\/p>\n","protected":false},"excerpt":{"rendered":"<p>ZHAW Z\u00fcrcher Hochschule f\u00fcr Angewandte WissenschaftenSchool of Management and Law (SML)Abteilung Banking, Finance &amp; InsuranceInstitut f\u00fcr Wealth &amp; Asset ManagementGertrudstrasse 8PostfachCH-8401 Winterthur +41 58 934 41 20info.iwa@zhaw.ch<\/p>\n","protected":false},"author":2,"featured_media":0,"parent":0,"menu_order":0,"comment_status":"closed","ping_status":"closed","template":"","meta":{"ngg_post_thumbnail":0,"footnotes":""},"class_list":["post-15","page","type-page","status-publish","hentry"],"yoast_head":"<!-- This site is optimized with the Yoast SEO Premium plugin v27.2 (Yoast SEO v27.2) - https:\/\/yoast.com\/product\/yoast-seo-premium-wordpress\/ -->\n<title>Imprint - ZHAW Wealth Management Blog<\/title>\n<meta name=\"description\" content=\"ZHAW Z\u00fcrcher Hochschule f\u00fcr Angewandte Wissenschaften, School of Management and Law (SML)\" \/>\n<meta name=\"robots\" content=\"index, follow, max-snippet:-1, max-image-preview:large, max-video-preview:-1\" \/>\n<link rel=\"canonical\" href=\"https:\/\/blog.zhaw.ch\/wealth-management\/imprint\/\" \/>\n<meta property=\"og:locale\" content=\"en_US\" \/>\n<meta property=\"og:type\" content=\"article\" \/>\n<meta property=\"og:title\" content=\"Imprint\" \/>\n<meta property=\"og:description\" content=\"ZHAW Z\u00fcrcher Hochschule f\u00fcr Angewandte Wissenschaften, School of Management and Law (SML)\" \/>\n<meta property=\"og:url\" content=\"https:\/\/blog.zhaw.ch\/wealth-management\/imprint\/\" \/>\n<meta property=\"og:site_name\" content=\"ZHAW Wealth Management Blog\" \/>\n<meta property=\"article:modified_time\" content=\"2024-03-06T08:16:08+00:00\" \/>\n<meta name=\"twitter:card\" content=\"summary_large_image\" \/>\n<meta name=\"twitter:label1\" content=\"Est. reading time\" \/>\n\t<meta name=\"twitter:data1\" content=\"1 minute\" \/>\n<script type=\"application\/ld+json\" class=\"yoast-schema-graph\">{\"@context\":\"https:\/\/schema.org\",\"@graph\":[{\"@type\":\"WebPage\",\"@id\":\"https:\/\/blog.zhaw.ch\/wealth-management\/imprint\/\",\"url\":\"https:\/\/blog.zhaw.ch\/wealth-management\/imprint\/\",\"name\":\"Imprint - ZHAW Wealth Management Blog\",\"isPartOf\":{\"@id\":\"https:\/\/blog.zhaw.ch\/wealth-management\/#website\"},\"datePublished\":\"2024-02-06T07:26:37+00:00\",\"dateModified\":\"2024-03-06T08:16:08+00:00\",\"description\":\"ZHAW Z\u00fcrcher Hochschule f\u00fcr Angewandte Wissenschaften, School of Management and Law (SML)\",\"breadcrumb\":{\"@id\":\"https:\/\/blog.zhaw.ch\/wealth-management\/imprint\/#breadcrumb\"},\"inLanguage\":\"en-US\",\"potentialAction\":[{\"@type\":\"ReadAction\",\"target\":[\"https:\/\/blog.zhaw.ch\/wealth-management\/imprint\/\"]}]},{\"@type\":\"BreadcrumbList\",\"@id\":\"https:\/\/blog.zhaw.ch\/wealth-management\/imprint\/#breadcrumb\",\"itemListElement\":[{\"@type\":\"ListItem\",\"position\":1,\"name\":\"Startseite\",\"item\":\"https:\/\/blog.zhaw.ch\/wealth-management\/\"},{\"@type\":\"ListItem\",\"position\":2,\"name\":\"Imprint\"}]},{\"@type\":\"WebSite\",\"@id\":\"https:\/\/blog.zhaw.ch\/wealth-management\/#website\",\"url\":\"https:\/\/blog.zhaw.ch\/wealth-management\/\",\"name\":\"ZHAW Wealth Management Blog\",\"description\":\"A Blog of the ZHAW Zurich University of Applied Sciences\",\"publisher\":{\"@id\":\"https:\/\/blog.zhaw.ch\/wealth-management\/#organization\"},\"potentialAction\":[{\"@type\":\"SearchAction\",\"target\":{\"@type\":\"EntryPoint\",\"urlTemplate\":\"https:\/\/blog.zhaw.ch\/wealth-management\/?s={search_term_string}\"},\"query-input\":{\"@type\":\"PropertyValueSpecification\",\"valueRequired\":true,\"valueName\":\"search_term_string\"}}],\"inLanguage\":\"en-US\"},{\"@type\":\"Organization\",\"@id\":\"https:\/\/blog.zhaw.ch\/wealth-management\/#organization\",\"name\":\"ZHAW Wealth Management Blog\",\"url\":\"https:\/\/blog.zhaw.ch\/wealth-management\/\",\"logo\":{\"@type\":\"ImageObject\",\"inLanguage\":\"en-US\",\"@id\":\"https:\/\/blog.zhaw.ch\/wealth-management\/#\/schema\/logo\/image\/\",\"url\":\"https:\/\/blog.zhaw.ch\/wealth-management\/files\/2024\/03\/cropped-zhaw-logo.png\",\"contentUrl\":\"https:\/\/blog.zhaw.ch\/wealth-management\/files\/2024\/03\/cropped-zhaw-logo.png\",\"width\":199,\"height\":209,\"caption\":\"ZHAW Wealth Management Blog\"},\"image\":{\"@id\":\"https:\/\/blog.zhaw.ch\/wealth-management\/#\/schema\/logo\/image\/\"}}]}<\/script>\n<!-- \/ Yoast SEO Premium plugin. -->","yoast_head_json":{"title":"Imprint - ZHAW Wealth Management Blog","description":"ZHAW Z\u00fcrcher Hochschule f\u00fcr Angewandte Wissenschaften, School of Management and Law (SML)","robots":{"index":"index","follow":"follow","max-snippet":"max-snippet:-1","max-image-preview":"max-image-preview:large","max-video-preview":"max-video-preview:-1"},"canonical":"https:\/\/blog.zhaw.ch\/wealth-management\/imprint\/","og_locale":"en_US","og_type":"article","og_title":"Imprint","og_description":"ZHAW Z\u00fcrcher Hochschule f\u00fcr Angewandte Wissenschaften, School of Management and Law (SML)","og_url":"https:\/\/blog.zhaw.ch\/wealth-management\/imprint\/","og_site_name":"ZHAW Wealth Management Blog","article_modified_time":"2024-03-06T08:16:08+00:00","twitter_card":"summary_large_image","twitter_misc":{"Est. reading time":"1 minute"},"schema":{"@context":"https:\/\/schema.org","@graph":[{"@type":"WebPage","@id":"https:\/\/blog.zhaw.ch\/wealth-management\/imprint\/","url":"https:\/\/blog.zhaw.ch\/wealth-management\/imprint\/","name":"Imprint - ZHAW Wealth Management Blog","isPartOf":{"@id":"https:\/\/blog.zhaw.ch\/wealth-management\/#website"},"datePublished":"2024-02-06T07:26:37+00:00","dateModified":"2024-03-06T08:16:08+00:00","description":"ZHAW Z\u00fcrcher Hochschule f\u00fcr Angewandte Wissenschaften, School of Management and Law (SML)","breadcrumb":{"@id":"https:\/\/blog.zhaw.ch\/wealth-management\/imprint\/#breadcrumb"},"inLanguage":"en-US","potentialAction":[{"@type":"ReadAction","target":["https:\/\/blog.zhaw.ch\/wealth-management\/imprint\/"]}]},{"@type":"BreadcrumbList","@id":"https:\/\/blog.zhaw.ch\/wealth-management\/imprint\/#breadcrumb","itemListElement":[{"@type":"ListItem","position":1,"name":"Startseite","item":"https:\/\/blog.zhaw.ch\/wealth-management\/"},{"@type":"ListItem","position":2,"name":"Imprint"}]},{"@type":"WebSite","@id":"https:\/\/blog.zhaw.ch\/wealth-management\/#website","url":"https:\/\/blog.zhaw.ch\/wealth-management\/","name":"ZHAW Wealth Management Blog","description":"A Blog of the ZHAW Zurich University of Applied Sciences","publisher":{"@id":"https:\/\/blog.zhaw.ch\/wealth-management\/#organization"},"potentialAction":[{"@type":"SearchAction","target":{"@type":"EntryPoint","urlTemplate":"https:\/\/blog.zhaw.ch\/wealth-management\/?s={search_term_string}"},"query-input":{"@type":"PropertyValueSpecification","valueRequired":true,"valueName":"search_term_string"}}],"inLanguage":"en-US"},{"@type":"Organization","@id":"https:\/\/blog.zhaw.ch\/wealth-management\/#organization","name":"ZHAW Wealth Management Blog","url":"https:\/\/blog.zhaw.ch\/wealth-management\/","logo":{"@type":"ImageObject","inLanguage":"en-US","@id":"https:\/\/blog.zhaw.ch\/wealth-management\/#\/schema\/logo\/image\/","url":"https:\/\/blog.zhaw.ch\/wealth-management\/files\/2024\/03\/cropped-zhaw-logo.png","contentUrl":"https:\/\/blog.zhaw.ch\/wealth-management\/files\/2024\/03\/cropped-zhaw-logo.png","width":199,"height":209,"caption":"ZHAW Wealth Management Blog"},"image":{"@id":"https:\/\/blog.zhaw.ch\/wealth-management\/#\/schema\/logo\/image\/"}}]}},"_links":{"self":[{"href":"https:\/\/blog.zhaw.ch\/wealth-management\/wp-json\/wp\/v2\/pages\/15","targetHints":{"allow":["GET"]}}],"collection":[{"href":"https:\/\/blog.zhaw.ch\/wealth-management\/wp-json\/wp\/v2\/pages"}],"about":[{"href":"https:\/\/blog.zhaw.ch\/wealth-management\/wp-json\/wp\/v2\/types\/page"}],"author":[{"embeddable":true,"href":"https:\/\/blog.zhaw.ch\/wealth-management\/wp-json\/wp\/v2\/users\/2"}],"replies":[{"embeddable":true,"href":"https:\/\/blog.zhaw.ch\/wealth-management\/wp-json\/wp\/v2\/comments?post=15"}],"version-history":[{"count":7,"href":"https:\/\/blog.zhaw.ch\/wealth-management\/wp-json\/wp\/v2\/pages\/15\/revisions"}],"predecessor-version":[{"id":61,"href":"https:\/\/blog.zhaw.ch\/wealth-management\/wp-json\/wp\/v2\/pages\/15\/revisions\/61"}],"wp:attachment":[{"href":"https:\/\/blog.zhaw.ch\/wealth-management\/wp-json\/wp\/v2\/media?parent=15"}],"curies":[{"name":"wp","href":"https:\/\/api.w.org\/{rel}","templated":true}]}}