{"id":14,"date":"2016-10-24T09:40:33","date_gmt":"2016-10-24T07:40:33","guid":{"rendered":"http:\/\/blog.zhaw.ch\/vitamin-g\/?page_id=14"},"modified":"2023-01-05T14:20:02","modified_gmt":"2023-01-05T13:20:02","slug":"ueber-uns","status":"publish","type":"page","link":"https:\/\/blog.zhaw.ch\/vitamin-g\/ueber-uns\/","title":{"rendered":"\u00dcber uns"},"content":{"rendered":"<div class=\"entry-content\">\n<p>Das \u00abVitamin G\u00bb ist das Magazin des ZHAW-Departements Gesundheit. Dieses ist mit \u00fcber 2&#8217;000 Studierenden und 300 Mitarbeitenden eines der gr\u00f6ssten Zentren im deutschsprachigen Raum f\u00fcr die Aus- und Weiterbildung in den Gesundheitsberufen.<\/p>\n<h2>F\u00fcnf Gesundheitsberufe unter einem Dach<\/h2>\n<p>Die Vereinigung der f\u00fcnf Studieng\u00e4nge Ergotherapie,\u00a0Gesundheitsf\u00f6rderung und Pr\u00e4vention,\u00a0Hebamme,\u00a0Pflege und Physiotherapie unter einem Dach erm\u00f6glicht einen intensiven interprofessionellen Austausch im Bachelor- und Masterstudium. Ein breitgef\u00e4chertes, berufsbegleitendes Weiterbildungsangebot er\u00f6ffnet Health Professionals neue berufliche Perspektiven und Karrierem\u00f6glichkeiten.<\/p>\n<h2>Forschen f\u00fcr die Praxis<\/h2>\n<p>Mit den Forschungsstellen in den f\u00fcnf Instituten sorgt das Departement Gesundheit f\u00fcr einen direkten Transfer von aktuellem Wissen und innovativen Entwicklungen in die Praxis. Dank der guten internationalen Vernetzung werden interdisziplin\u00e4re Forschungsprojekte mit Partnern im In- und Ausland realisiert.<\/p>\n<h2>International vernetzt<\/h2>\n<p>Das Departement Gesundheit der ZHAW arbeitet in Lehre und Forschung mit einer Vielzahl von Kooperations- und Praxispartnern im In- und Ausland zusammen. Es erm\u00f6glicht sowohl Studierenden als auch Mitarbeitenden internationale Erfahrungen zu sammeln: an Kongressen, in Praktika, w\u00e4hrend Austauschsemestern oder im Zuge von Forschungsprojekten.<\/p>\n<h2>Weitere Informationen<\/h2>\n<ul>\n<li>Web:\u00a0<a href=\"https:\/\/www.zhaw.ch\/de\/gesundheit\/\">www.zhaw.ch\/gesundheit<\/a><\/li>\n<li>Newsletter: <a href=\"https:\/\/www.zhaw.ch\/de\/gesundheit\/ueber-uns\/medien\/newsletter\/\">www.zhaw.ch\/gesundheit\/newsletter<\/a><\/li>\n<li>Magazin \u00abVitamin G\u00bb: <a href=\"https:\/\/www.zhaw.ch\/de\/gesundheit\/ueber-uns\/medien\/magazin-vitamin-g\/\">www.zhaw.ch\/gesundheit\/vitamin-g<\/a><\/li>\n<\/ul>\n<h2>Kontakt<\/h2>\n<p>ZHAW Z\u00fcrcher Hochschule f\u00fcr Angewandte Wissenschaften<br \/>\nDepartement Gesundheit<br \/>\nKommunikationsstelle<br \/>\nKatharina-Sulzer-Platz 9<br \/>\nCH-8401 Winterthur<\/p>\n<p>Web:\u00a0<a href=\"http:\/\/www.zhaw.ch\/gesundheit\">www.zhaw.ch\/gesundheit\u00a0<\/a><br \/>\nE-Mail: <a href=\"mailto:kommunikation.gesundheit@zhaw.ch\">kommunikation.gesundheit@zhaw.ch<\/a><\/p>\n<\/div>\n","protected":false},"excerpt":{"rendered":"<p>Das \u00abVitamin G\u00bb ist das Magazin des ZHAW-Departements Gesundheit. Dieses ist mit \u00fcber 2&#8217;000 Studierenden und 300 Mitarbeitenden eines der gr\u00f6ssten Zentren im deutschsprachigen Raum f\u00fcr die Aus- und Weiterbildung in den Gesundheitsberufen. F\u00fcnf Gesundheitsberufe unter einem Dach Die Vereinigung der f\u00fcnf Studieng\u00e4nge Ergotherapie,\u00a0Gesundheitsf\u00f6rderung und Pr\u00e4vention,\u00a0Hebamme,\u00a0Pflege und Physiotherapie unter einem Dach erm\u00f6glicht einen intensiven interprofessionellen [&hellip;]<\/p>\n","protected":false},"author":2,"featured_media":1494,"parent":0,"menu_order":0,"comment_status":"closed","ping_status":"closed","template":"","meta":{"ngg_post_thumbnail":0,"footnotes":""},"class_list":["post-14","page","type-page","status-publish","has-post-thumbnail","hentry"],"yoast_head":"<!-- This site is optimized with the Yoast SEO Premium plugin v27.2 (Yoast SEO v27.2) - https:\/\/yoast.com\/product\/yoast-seo-premium-wordpress\/ -->\n<title>\u00dcber uns - Vitamin G \u2013 f\u00fcr Health Professionals mit Weitblick<\/title>\n<meta name=\"robots\" content=\"index, follow, max-snippet:-1, max-image-preview:large, max-video-preview:-1\" \/>\n<link rel=\"canonical\" href=\"https:\/\/blog.zhaw.ch\/vitamin-g\/ueber-uns\/\" \/>\n<meta property=\"og:locale\" content=\"de_DE\" \/>\n<meta property=\"og:type\" content=\"article\" \/>\n<meta property=\"og:title\" content=\"\u00dcber uns\" \/>\n<meta property=\"og:description\" content=\"Das \u00abVitamin G\u00bb ist das Magazin des ZHAW-Departements Gesundheit. Dieses ist mit \u00fcber 2&#8217;000 Studierenden und 300 Mitarbeitenden eines der gr\u00f6ssten Zentren im deutschsprachigen Raum f\u00fcr die Aus- und Weiterbildung in den Gesundheitsberufen. F\u00fcnf Gesundheitsberufe unter einem Dach Die Vereinigung der f\u00fcnf Studieng\u00e4nge Ergotherapie,\u00a0Gesundheitsf\u00f6rderung und Pr\u00e4vention,\u00a0Hebamme,\u00a0Pflege und Physiotherapie unter einem Dach erm\u00f6glicht einen intensiven interprofessionellen [&hellip;]\" \/>\n<meta property=\"og:url\" content=\"https:\/\/blog.zhaw.ch\/vitamin-g\/ueber-uns\/\" \/>\n<meta property=\"og:site_name\" content=\"Vitamin G \u2013 f\u00fcr Health Professionals mit Weitblick\" \/>\n<meta property=\"article:modified_time\" content=\"2023-01-05T13:20:02+00:00\" \/>\n<meta property=\"og:image\" content=\"https:\/\/blog.zhaw.ch\/vitamin-g\/files\/2020\/08\/haf-aussen-blog-zhaw-gesundheit.jpg\" \/>\n\t<meta property=\"og:image:width\" content=\"1170\" \/>\n\t<meta property=\"og:image:height\" content=\"475\" \/>\n\t<meta property=\"og:image:type\" content=\"image\/jpeg\" \/>\n<meta name=\"twitter:card\" content=\"summary_large_image\" \/>\n<meta name=\"twitter:label1\" content=\"Gesch\u00e4tzte Lesezeit\" \/>\n\t<meta name=\"twitter:data1\" content=\"1\u00a0Minute\" \/>\n<script type=\"application\/ld+json\" class=\"yoast-schema-graph\">{\"@context\":\"https:\/\/schema.org\",\"@graph\":[{\"@type\":\"WebPage\",\"@id\":\"https:\/\/blog.zhaw.ch\/vitamin-g\/ueber-uns\/\",\"url\":\"https:\/\/blog.zhaw.ch\/vitamin-g\/ueber-uns\/\",\"name\":\"\u00dcber uns - Vitamin G \u2013 f\u00fcr Health Professionals mit Weitblick\",\"isPartOf\":{\"@id\":\"https:\/\/blog.zhaw.ch\/vitamin-g\/#website\"},\"primaryImageOfPage\":{\"@id\":\"https:\/\/blog.zhaw.ch\/vitamin-g\/ueber-uns\/#primaryimage\"},\"image\":{\"@id\":\"https:\/\/blog.zhaw.ch\/vitamin-g\/ueber-uns\/#primaryimage\"},\"thumbnailUrl\":\"https:\/\/blog.zhaw.ch\/vitamin-g\/files\/2020\/08\/haf-aussen-blog-zhaw-gesundheit.jpg\",\"datePublished\":\"2016-10-24T07:40:33+00:00\",\"dateModified\":\"2023-01-05T13:20:02+00:00\",\"breadcrumb\":{\"@id\":\"https:\/\/blog.zhaw.ch\/vitamin-g\/ueber-uns\/#breadcrumb\"},\"inLanguage\":\"de\",\"potentialAction\":[{\"@type\":\"ReadAction\",\"target\":[\"https:\/\/blog.zhaw.ch\/vitamin-g\/ueber-uns\/\"]}]},{\"@type\":\"ImageObject\",\"inLanguage\":\"de\",\"@id\":\"https:\/\/blog.zhaw.ch\/vitamin-g\/ueber-uns\/#primaryimage\",\"url\":\"https:\/\/blog.zhaw.ch\/vitamin-g\/files\/2020\/08\/haf-aussen-blog-zhaw-gesundheit.jpg\",\"contentUrl\":\"https:\/\/blog.zhaw.ch\/vitamin-g\/files\/2020\/08\/haf-aussen-blog-zhaw-gesundheit.jpg\",\"width\":1170,\"height\":475},{\"@type\":\"BreadcrumbList\",\"@id\":\"https:\/\/blog.zhaw.ch\/vitamin-g\/ueber-uns\/#breadcrumb\",\"itemListElement\":[{\"@type\":\"ListItem\",\"position\":1,\"name\":\"Startseite\",\"item\":\"https:\/\/blog.zhaw.ch\/vitamin-g\/\"},{\"@type\":\"ListItem\",\"position\":2,\"name\":\"\u00dcber uns\"}]},{\"@type\":\"WebSite\",\"@id\":\"https:\/\/blog.zhaw.ch\/vitamin-g\/#website\",\"url\":\"https:\/\/blog.zhaw.ch\/vitamin-g\/\",\"name\":\"Vitamin G \u2013 f\u00fcr Health Professionals mit Weitblick\",\"description\":\"Ein Blog der ZHAW Z\u00fcrcher Hochschule f\u00fcr Angewandte Wissenschaften\",\"potentialAction\":[{\"@type\":\"SearchAction\",\"target\":{\"@type\":\"EntryPoint\",\"urlTemplate\":\"https:\/\/blog.zhaw.ch\/vitamin-g\/?s={search_term_string}\"},\"query-input\":{\"@type\":\"PropertyValueSpecification\",\"valueRequired\":true,\"valueName\":\"search_term_string\"}}],\"inLanguage\":\"de\"}]}<\/script>\n<!-- \/ Yoast SEO Premium plugin. -->","yoast_head_json":{"title":"\u00dcber uns - Vitamin G \u2013 f\u00fcr Health Professionals mit Weitblick","robots":{"index":"index","follow":"follow","max-snippet":"max-snippet:-1","max-image-preview":"max-image-preview:large","max-video-preview":"max-video-preview:-1"},"canonical":"https:\/\/blog.zhaw.ch\/vitamin-g\/ueber-uns\/","og_locale":"de_DE","og_type":"article","og_title":"\u00dcber uns","og_description":"Das \u00abVitamin G\u00bb ist das Magazin des ZHAW-Departements Gesundheit. Dieses ist mit \u00fcber 2&#8217;000 Studierenden und 300 Mitarbeitenden eines der gr\u00f6ssten Zentren im deutschsprachigen Raum f\u00fcr die Aus- und Weiterbildung in den Gesundheitsberufen. F\u00fcnf Gesundheitsberufe unter einem Dach Die Vereinigung der f\u00fcnf Studieng\u00e4nge Ergotherapie,\u00a0Gesundheitsf\u00f6rderung und Pr\u00e4vention,\u00a0Hebamme,\u00a0Pflege und Physiotherapie unter einem Dach erm\u00f6glicht einen intensiven interprofessionellen [&hellip;]","og_url":"https:\/\/blog.zhaw.ch\/vitamin-g\/ueber-uns\/","og_site_name":"Vitamin G \u2013 f\u00fcr Health Professionals mit Weitblick","article_modified_time":"2023-01-05T13:20:02+00:00","og_image":[{"width":1170,"height":475,"url":"https:\/\/blog.zhaw.ch\/vitamin-g\/files\/2020\/08\/haf-aussen-blog-zhaw-gesundheit.jpg","type":"image\/jpeg"}],"twitter_card":"summary_large_image","twitter_misc":{"Gesch\u00e4tzte Lesezeit":"1\u00a0Minute"},"schema":{"@context":"https:\/\/schema.org","@graph":[{"@type":"WebPage","@id":"https:\/\/blog.zhaw.ch\/vitamin-g\/ueber-uns\/","url":"https:\/\/blog.zhaw.ch\/vitamin-g\/ueber-uns\/","name":"\u00dcber uns - Vitamin G \u2013 f\u00fcr Health Professionals mit Weitblick","isPartOf":{"@id":"https:\/\/blog.zhaw.ch\/vitamin-g\/#website"},"primaryImageOfPage":{"@id":"https:\/\/blog.zhaw.ch\/vitamin-g\/ueber-uns\/#primaryimage"},"image":{"@id":"https:\/\/blog.zhaw.ch\/vitamin-g\/ueber-uns\/#primaryimage"},"thumbnailUrl":"https:\/\/blog.zhaw.ch\/vitamin-g\/files\/2020\/08\/haf-aussen-blog-zhaw-gesundheit.jpg","datePublished":"2016-10-24T07:40:33+00:00","dateModified":"2023-01-05T13:20:02+00:00","breadcrumb":{"@id":"https:\/\/blog.zhaw.ch\/vitamin-g\/ueber-uns\/#breadcrumb"},"inLanguage":"de","potentialAction":[{"@type":"ReadAction","target":["https:\/\/blog.zhaw.ch\/vitamin-g\/ueber-uns\/"]}]},{"@type":"ImageObject","inLanguage":"de","@id":"https:\/\/blog.zhaw.ch\/vitamin-g\/ueber-uns\/#primaryimage","url":"https:\/\/blog.zhaw.ch\/vitamin-g\/files\/2020\/08\/haf-aussen-blog-zhaw-gesundheit.jpg","contentUrl":"https:\/\/blog.zhaw.ch\/vitamin-g\/files\/2020\/08\/haf-aussen-blog-zhaw-gesundheit.jpg","width":1170,"height":475},{"@type":"BreadcrumbList","@id":"https:\/\/blog.zhaw.ch\/vitamin-g\/ueber-uns\/#breadcrumb","itemListElement":[{"@type":"ListItem","position":1,"name":"Startseite","item":"https:\/\/blog.zhaw.ch\/vitamin-g\/"},{"@type":"ListItem","position":2,"name":"\u00dcber uns"}]},{"@type":"WebSite","@id":"https:\/\/blog.zhaw.ch\/vitamin-g\/#website","url":"https:\/\/blog.zhaw.ch\/vitamin-g\/","name":"Vitamin G \u2013 f\u00fcr Health Professionals mit Weitblick","description":"Ein Blog der ZHAW Z\u00fcrcher Hochschule f\u00fcr Angewandte Wissenschaften","potentialAction":[{"@type":"SearchAction","target":{"@type":"EntryPoint","urlTemplate":"https:\/\/blog.zhaw.ch\/vitamin-g\/?s={search_term_string}"},"query-input":{"@type":"PropertyValueSpecification","valueRequired":true,"valueName":"search_term_string"}}],"inLanguage":"de"}]}},"_links":{"self":[{"href":"https:\/\/blog.zhaw.ch\/vitamin-g\/wp-json\/wp\/v2\/pages\/14","targetHints":{"allow":["GET"]}}],"collection":[{"href":"https:\/\/blog.zhaw.ch\/vitamin-g\/wp-json\/wp\/v2\/pages"}],"about":[{"href":"https:\/\/blog.zhaw.ch\/vitamin-g\/wp-json\/wp\/v2\/types\/page"}],"author":[{"embeddable":true,"href":"https:\/\/blog.zhaw.ch\/vitamin-g\/wp-json\/wp\/v2\/users\/2"}],"replies":[{"embeddable":true,"href":"https:\/\/blog.zhaw.ch\/vitamin-g\/wp-json\/wp\/v2\/comments?post=14"}],"version-history":[{"count":14,"href":"https:\/\/blog.zhaw.ch\/vitamin-g\/wp-json\/wp\/v2\/pages\/14\/revisions"}],"predecessor-version":[{"id":2329,"href":"https:\/\/blog.zhaw.ch\/vitamin-g\/wp-json\/wp\/v2\/pages\/14\/revisions\/2329"}],"wp:featuredmedia":[{"embeddable":true,"href":"https:\/\/blog.zhaw.ch\/vitamin-g\/wp-json\/wp\/v2\/media\/1494"}],"wp:attachment":[{"href":"https:\/\/blog.zhaw.ch\/vitamin-g\/wp-json\/wp\/v2\/media?parent=14"}],"curies":[{"name":"wp","href":"https:\/\/api.w.org\/{rel}","templated":true}]}}