{"id":12,"date":"2016-10-24T09:40:02","date_gmt":"2016-10-24T07:40:02","guid":{"rendered":"http:\/\/blog.zhaw.ch\/vitamin-g\/?page_id=12"},"modified":"2022-02-02T16:30:38","modified_gmt":"2022-02-02T15:30:38","slug":"impressum","status":"publish","type":"page","link":"https:\/\/blog.zhaw.ch\/vitamin-g\/impressum\/","title":{"rendered":"Impressum"},"content":{"rendered":"<h2>Redaktion<strong><br \/>\n<\/strong><\/h2>\n<p><a href=\"https:\/\/www.zhaw.ch\/de\/ueber-uns\/person\/sano\/\">Jos\u00e9 Santos<\/a>, Redaktionsleitung VITAMIN G a.i., Leiter Kommunikation ZHAW Gesundheit<br \/>\n<a href=\"https:\/\/www.zhaw.ch\/de\/ueber-uns\/person\/funp\/\">Philipp Funk<\/a>, Online Manager ZHAW Gesundheit<br \/>\n<a href=\"https:\/\/www.zhaw.ch\/de\/ueber-uns\/person\/lipu\/\">Florian Lippuner<\/a>, Online Redaktor ZHAW Gesundheit<\/p>\n<h2>Unsere Adresse<\/h2>\n<p>ZHAW Z\u00fcrcher Hochschule f\u00fcr Angewandte Wissenschaften<br \/>\nDepartement Gesundheit<br \/>\nKommunikationsstelle<br \/>\nKatharina-Sulzer-Platz 9<br \/>\nCH-8401 Winterthur<\/p>\n<p>Web:\u00a0<a href=\"http:\/\/www.zhaw.ch\/gesundheit\">www.zhaw.ch\/gesundheit\u00a0<\/a><br \/>\nE-Mail: <a href=\"mailto:kommunikation.gesundheit@zhaw.ch\">kommunikation.gesundheit@zhaw.ch<\/a><\/p>\n","protected":false},"excerpt":{"rendered":"<p>Redaktion Jos\u00e9 Santos, Redaktionsleitung VITAMIN G a.i., Leiter Kommunikation ZHAW Gesundheit Philipp Funk, Online Manager ZHAW Gesundheit Florian Lippuner, Online Redaktor ZHAW Gesundheit Unsere Adresse ZHAW Z\u00fcrcher Hochschule f\u00fcr Angewandte Wissenschaften Departement Gesundheit Kommunikationsstelle Katharina-Sulzer-Platz 9 CH-8401 Winterthur Web:\u00a0www.zhaw.ch\/gesundheit\u00a0 E-Mail: kommunikation.gesundheit@zhaw.ch<\/p>\n","protected":false},"author":2,"featured_media":0,"parent":0,"menu_order":0,"comment_status":"closed","ping_status":"closed","template":"","meta":{"ngg_post_thumbnail":0,"footnotes":""},"class_list":["post-12","page","type-page","status-publish","hentry"],"yoast_head":"<!-- This site is optimized with the Yoast SEO Premium plugin v27.2 (Yoast SEO v27.2) - https:\/\/yoast.com\/product\/yoast-seo-premium-wordpress\/ -->\n<title>Impressum - Vitamin G \u2013 f\u00fcr Health Professionals mit Weitblick<\/title>\n<meta name=\"robots\" content=\"index, follow, max-snippet:-1, max-image-preview:large, max-video-preview:-1\" \/>\n<link rel=\"canonical\" href=\"https:\/\/blog.zhaw.ch\/vitamin-g\/impressum\/\" \/>\n<meta property=\"og:locale\" content=\"de_DE\" \/>\n<meta property=\"og:type\" content=\"article\" \/>\n<meta property=\"og:title\" content=\"Impressum\" \/>\n<meta property=\"og:description\" content=\"Redaktion Jos\u00e9 Santos, Redaktionsleitung VITAMIN G a.i., Leiter Kommunikation ZHAW Gesundheit Philipp Funk, Online Manager ZHAW Gesundheit Florian Lippuner, Online Redaktor ZHAW Gesundheit Unsere Adresse ZHAW Z\u00fcrcher Hochschule f\u00fcr Angewandte Wissenschaften Departement Gesundheit Kommunikationsstelle Katharina-Sulzer-Platz 9 CH-8401 Winterthur Web:\u00a0www.zhaw.ch\/gesundheit\u00a0 E-Mail: kommunikation.gesundheit@zhaw.ch\" \/>\n<meta property=\"og:url\" content=\"https:\/\/blog.zhaw.ch\/vitamin-g\/impressum\/\" \/>\n<meta property=\"og:site_name\" content=\"Vitamin G \u2013 f\u00fcr Health Professionals mit Weitblick\" \/>\n<meta property=\"article:modified_time\" content=\"2022-02-02T15:30:38+00:00\" \/>\n<meta name=\"twitter:card\" content=\"summary_large_image\" \/>\n<script type=\"application\/ld+json\" class=\"yoast-schema-graph\">{\"@context\":\"https:\/\/schema.org\",\"@graph\":[{\"@type\":\"WebPage\",\"@id\":\"https:\/\/blog.zhaw.ch\/vitamin-g\/impressum\/\",\"url\":\"https:\/\/blog.zhaw.ch\/vitamin-g\/impressum\/\",\"name\":\"Impressum - Vitamin G \u2013 f\u00fcr Health Professionals mit Weitblick\",\"isPartOf\":{\"@id\":\"https:\/\/blog.zhaw.ch\/vitamin-g\/#website\"},\"datePublished\":\"2016-10-24T07:40:02+00:00\",\"dateModified\":\"2022-02-02T15:30:38+00:00\",\"breadcrumb\":{\"@id\":\"https:\/\/blog.zhaw.ch\/vitamin-g\/impressum\/#breadcrumb\"},\"inLanguage\":\"de\",\"potentialAction\":[{\"@type\":\"ReadAction\",\"target\":[\"https:\/\/blog.zhaw.ch\/vitamin-g\/impressum\/\"]}]},{\"@type\":\"BreadcrumbList\",\"@id\":\"https:\/\/blog.zhaw.ch\/vitamin-g\/impressum\/#breadcrumb\",\"itemListElement\":[{\"@type\":\"ListItem\",\"position\":1,\"name\":\"Startseite\",\"item\":\"https:\/\/blog.zhaw.ch\/vitamin-g\/\"},{\"@type\":\"ListItem\",\"position\":2,\"name\":\"Impressum\"}]},{\"@type\":\"WebSite\",\"@id\":\"https:\/\/blog.zhaw.ch\/vitamin-g\/#website\",\"url\":\"https:\/\/blog.zhaw.ch\/vitamin-g\/\",\"name\":\"Vitamin G \u2013 f\u00fcr Health Professionals mit Weitblick\",\"description\":\"Ein Blog der ZHAW Z\u00fcrcher Hochschule f\u00fcr Angewandte Wissenschaften\",\"potentialAction\":[{\"@type\":\"SearchAction\",\"target\":{\"@type\":\"EntryPoint\",\"urlTemplate\":\"https:\/\/blog.zhaw.ch\/vitamin-g\/?s={search_term_string}\"},\"query-input\":{\"@type\":\"PropertyValueSpecification\",\"valueRequired\":true,\"valueName\":\"search_term_string\"}}],\"inLanguage\":\"de\"}]}<\/script>\n<!-- \/ Yoast SEO Premium plugin. -->","yoast_head_json":{"title":"Impressum - Vitamin G \u2013 f\u00fcr Health Professionals mit Weitblick","robots":{"index":"index","follow":"follow","max-snippet":"max-snippet:-1","max-image-preview":"max-image-preview:large","max-video-preview":"max-video-preview:-1"},"canonical":"https:\/\/blog.zhaw.ch\/vitamin-g\/impressum\/","og_locale":"de_DE","og_type":"article","og_title":"Impressum","og_description":"Redaktion Jos\u00e9 Santos, Redaktionsleitung VITAMIN G a.i., Leiter Kommunikation ZHAW Gesundheit Philipp Funk, Online Manager ZHAW Gesundheit Florian Lippuner, Online Redaktor ZHAW Gesundheit Unsere Adresse ZHAW Z\u00fcrcher Hochschule f\u00fcr Angewandte Wissenschaften Departement Gesundheit Kommunikationsstelle Katharina-Sulzer-Platz 9 CH-8401 Winterthur Web:\u00a0www.zhaw.ch\/gesundheit\u00a0 E-Mail: kommunikation.gesundheit@zhaw.ch","og_url":"https:\/\/blog.zhaw.ch\/vitamin-g\/impressum\/","og_site_name":"Vitamin G \u2013 f\u00fcr Health Professionals mit Weitblick","article_modified_time":"2022-02-02T15:30:38+00:00","twitter_card":"summary_large_image","schema":{"@context":"https:\/\/schema.org","@graph":[{"@type":"WebPage","@id":"https:\/\/blog.zhaw.ch\/vitamin-g\/impressum\/","url":"https:\/\/blog.zhaw.ch\/vitamin-g\/impressum\/","name":"Impressum - Vitamin G \u2013 f\u00fcr Health Professionals mit Weitblick","isPartOf":{"@id":"https:\/\/blog.zhaw.ch\/vitamin-g\/#website"},"datePublished":"2016-10-24T07:40:02+00:00","dateModified":"2022-02-02T15:30:38+00:00","breadcrumb":{"@id":"https:\/\/blog.zhaw.ch\/vitamin-g\/impressum\/#breadcrumb"},"inLanguage":"de","potentialAction":[{"@type":"ReadAction","target":["https:\/\/blog.zhaw.ch\/vitamin-g\/impressum\/"]}]},{"@type":"BreadcrumbList","@id":"https:\/\/blog.zhaw.ch\/vitamin-g\/impressum\/#breadcrumb","itemListElement":[{"@type":"ListItem","position":1,"name":"Startseite","item":"https:\/\/blog.zhaw.ch\/vitamin-g\/"},{"@type":"ListItem","position":2,"name":"Impressum"}]},{"@type":"WebSite","@id":"https:\/\/blog.zhaw.ch\/vitamin-g\/#website","url":"https:\/\/blog.zhaw.ch\/vitamin-g\/","name":"Vitamin G \u2013 f\u00fcr Health Professionals mit Weitblick","description":"Ein Blog der ZHAW Z\u00fcrcher Hochschule f\u00fcr Angewandte Wissenschaften","potentialAction":[{"@type":"SearchAction","target":{"@type":"EntryPoint","urlTemplate":"https:\/\/blog.zhaw.ch\/vitamin-g\/?s={search_term_string}"},"query-input":{"@type":"PropertyValueSpecification","valueRequired":true,"valueName":"search_term_string"}}],"inLanguage":"de"}]}},"_links":{"self":[{"href":"https:\/\/blog.zhaw.ch\/vitamin-g\/wp-json\/wp\/v2\/pages\/12","targetHints":{"allow":["GET"]}}],"collection":[{"href":"https:\/\/blog.zhaw.ch\/vitamin-g\/wp-json\/wp\/v2\/pages"}],"about":[{"href":"https:\/\/blog.zhaw.ch\/vitamin-g\/wp-json\/wp\/v2\/types\/page"}],"author":[{"embeddable":true,"href":"https:\/\/blog.zhaw.ch\/vitamin-g\/wp-json\/wp\/v2\/users\/2"}],"replies":[{"embeddable":true,"href":"https:\/\/blog.zhaw.ch\/vitamin-g\/wp-json\/wp\/v2\/comments?post=12"}],"version-history":[{"count":9,"href":"https:\/\/blog.zhaw.ch\/vitamin-g\/wp-json\/wp\/v2\/pages\/12\/revisions"}],"predecessor-version":[{"id":1864,"href":"https:\/\/blog.zhaw.ch\/vitamin-g\/wp-json\/wp\/v2\/pages\/12\/revisions\/1864"}],"wp:attachment":[{"href":"https:\/\/blog.zhaw.ch\/vitamin-g\/wp-json\/wp\/v2\/media?parent=12"}],"curies":[{"name":"wp","href":"https:\/\/api.w.org\/{rel}","templated":true}]}}