{"id":15,"date":"2023-05-25T15:11:26","date_gmt":"2023-05-25T13:11:26","guid":{"rendered":"https:\/\/blog.zhaw.ch\/vielfalt\/?page_id=15"},"modified":"2023-05-31T17:12:58","modified_gmt":"2023-05-31T15:12:58","slug":"ueber-uns","status":"publish","type":"page","link":"https:\/\/blog.zhaw.ch\/vielfalt\/ueber-uns\/","title":{"rendered":"\u00dcber uns"},"content":{"rendered":"\n<p>Angewandte Gerontologie ist ein Schwerpunktthema der ZHAW (AGe+), an dem sich alle Departemente beteiligen k\u00f6nnen. Im Fokus stehen \u00e4ltere und alte Menschen, ihre Angeh\u00f6rigen, Organisationen, Institutionen und wirtschaftliche, politische, technische und soziale Zusammenh\u00e4nge.&nbsp;&nbsp;<\/p>\n\n\n\n<p>Ein Kernteam bestehend aus Vertreter:innen aus fast allen Departementen setzt sich daf\u00fcr ein, L\u00f6sungsans\u00e4tze zu entwickeln, indem u.a. die interdisziplin\u00e4re Vernetzung vorangetrieben wird oder partizipative Projekte gef\u00f6rdert werden.&nbsp;<\/p>\n\n\n\n<p>L\u00f6sungsans\u00e4tze f\u00fcr Herausforderungen des Alters und des Alterns sollen vorzugsweise multiperspektivisch und interprofessionell durchdacht und entwickelt werden.&nbsp;&nbsp;<\/p>\n\n\n\n<p>Wir arbeiten eng mit der Hochschulbibliothek resp. dem Fachreferat Angewandte Gerontologie zusammen. Unser Blog geht Hand in Hand mit dem <a href=\"https:\/\/www.zhaw.ch\/de\/hochschulbibliothek\/recherchehilfe-kurse\/fachinformation-angewandte-gerontologie\/anmeldung-newsletter\/#c172971\" target=\"_blank\" rel=\"noreferrer noopener\">Newsletter der Hochschulbibliothek<\/a>, d.h. wir tauschen uns aus \u00fcber neueste Erscheinungen von Publikationen oder thematisch passenden Veranstaltungen.&nbsp;<\/p>\n\n\n\n<p>Auf der<a href=\"https:\/\/www.zhaw.ch\/de\/forschung\/departementsuebergreifende-kooperationen\/angewandte-gerontologie\/\"> AGe+-Website<\/a> erfahren Sie mehr \u00fcber die Aufgaben und Ziele von AGe+ sowie die thematisch passenden Projekte und Publikationen der ZHAW.<\/p>\n","protected":false},"excerpt":{"rendered":"<p>Angewandte Gerontologie ist ein Schwerpunktthema der ZHAW (AGe+), an dem sich alle Departemente beteiligen k\u00f6nnen. Im Fokus stehen \u00e4ltere und alte Menschen, ihre Angeh\u00f6rigen, Organisationen, Institutionen und wirtschaftliche, politische, technische und soziale Zusammenh\u00e4nge.&nbsp;&nbsp; Ein Kernteam bestehend aus Vertreter:innen aus fast allen Departementen setzt sich daf\u00fcr ein, L\u00f6sungsans\u00e4tze zu entwickeln, indem u.a. die interdisziplin\u00e4re Vernetzung vorangetrieben [&hellip;]<\/p>\n","protected":false},"author":20,"featured_media":0,"parent":0,"menu_order":0,"comment_status":"closed","ping_status":"closed","template":"","meta":{"ngg_post_thumbnail":0,"footnotes":""},"class_list":["post-15","page","type-page","status-publish","hentry"],"yoast_head":"<!-- This site is optimized with the Yoast SEO Premium plugin v27.2 (Yoast SEO v27.2) - https:\/\/yoast.com\/product\/yoast-seo-premium-wordpress\/ -->\n<title>\u00dcber uns - vielfALT<\/title>\n<meta name=\"description\" content=\"L\u00f6sungsans\u00e4tze, Herausforderungen, Alter, Altern, Wissenschaft, Gesellschaft, Zukunft, interdisziplin\u00e4r, Fachhochschule\" \/>\n<meta name=\"robots\" content=\"index, follow, max-snippet:-1, max-image-preview:large, max-video-preview:-1\" \/>\n<link rel=\"canonical\" href=\"https:\/\/blog.zhaw.ch\/vielfalt\/ueber-uns\/\" \/>\n<meta property=\"og:locale\" content=\"de_DE\" \/>\n<meta property=\"og:type\" content=\"article\" \/>\n<meta property=\"og:title\" content=\"\u00dcber uns\" \/>\n<meta property=\"og:description\" content=\"L\u00f6sungsans\u00e4tze, Herausforderungen, Alter, Altern, Wissenschaft, Gesellschaft, Zukunft, interdisziplin\u00e4r, Fachhochschule\" \/>\n<meta property=\"og:url\" content=\"https:\/\/blog.zhaw.ch\/vielfalt\/ueber-uns\/\" \/>\n<meta property=\"og:site_name\" content=\"vielfALT\" \/>\n<meta property=\"article:modified_time\" content=\"2023-05-31T15:12:58+00:00\" \/>\n<meta name=\"twitter:card\" content=\"summary_large_image\" \/>\n<meta name=\"twitter:label1\" content=\"Gesch\u00e4tzte Lesezeit\" \/>\n\t<meta name=\"twitter:data1\" content=\"1\u00a0Minute\" \/>\n<script type=\"application\/ld+json\" class=\"yoast-schema-graph\">{\"@context\":\"https:\/\/schema.org\",\"@graph\":[{\"@type\":\"WebPage\",\"@id\":\"https:\/\/blog.zhaw.ch\/vielfalt\/ueber-uns\/\",\"url\":\"https:\/\/blog.zhaw.ch\/vielfalt\/ueber-uns\/\",\"name\":\"\u00dcber uns - vielfALT\",\"isPartOf\":{\"@id\":\"https:\/\/blog.zhaw.ch\/vielfalt\/#website\"},\"datePublished\":\"2023-05-25T13:11:26+00:00\",\"dateModified\":\"2023-05-31T15:12:58+00:00\",\"description\":\"L\u00f6sungsans\u00e4tze, Herausforderungen, Alter, Altern, Wissenschaft, Gesellschaft, Zukunft, interdisziplin\u00e4r, Fachhochschule\",\"breadcrumb\":{\"@id\":\"https:\/\/blog.zhaw.ch\/vielfalt\/ueber-uns\/#breadcrumb\"},\"inLanguage\":\"de\",\"potentialAction\":[{\"@type\":\"ReadAction\",\"target\":[\"https:\/\/blog.zhaw.ch\/vielfalt\/ueber-uns\/\"]}]},{\"@type\":\"BreadcrumbList\",\"@id\":\"https:\/\/blog.zhaw.ch\/vielfalt\/ueber-uns\/#breadcrumb\",\"itemListElement\":[{\"@type\":\"ListItem\",\"position\":1,\"name\":\"Startseite\",\"item\":\"https:\/\/blog.zhaw.ch\/vielfalt\/\"},{\"@type\":\"ListItem\",\"position\":2,\"name\":\"\u00dcber uns\"}]},{\"@type\":\"WebSite\",\"@id\":\"https:\/\/blog.zhaw.ch\/vielfalt\/#website\",\"url\":\"https:\/\/blog.zhaw.ch\/vielfalt\/\",\"name\":\"vielfALT\",\"description\":\"Ein Blog der ZHAW Z\u00fcrcher Hochschule f\u00fcr Angewandte Wissenschaften\",\"potentialAction\":[{\"@type\":\"SearchAction\",\"target\":{\"@type\":\"EntryPoint\",\"urlTemplate\":\"https:\/\/blog.zhaw.ch\/vielfalt\/?s={search_term_string}\"},\"query-input\":{\"@type\":\"PropertyValueSpecification\",\"valueRequired\":true,\"valueName\":\"search_term_string\"}}],\"inLanguage\":\"de\"}]}<\/script>\n<!-- \/ Yoast SEO Premium plugin. -->","yoast_head_json":{"title":"\u00dcber uns - vielfALT","description":"L\u00f6sungsans\u00e4tze, Herausforderungen, Alter, Altern, Wissenschaft, Gesellschaft, Zukunft, interdisziplin\u00e4r, Fachhochschule","robots":{"index":"index","follow":"follow","max-snippet":"max-snippet:-1","max-image-preview":"max-image-preview:large","max-video-preview":"max-video-preview:-1"},"canonical":"https:\/\/blog.zhaw.ch\/vielfalt\/ueber-uns\/","og_locale":"de_DE","og_type":"article","og_title":"\u00dcber uns","og_description":"L\u00f6sungsans\u00e4tze, Herausforderungen, Alter, Altern, Wissenschaft, Gesellschaft, Zukunft, interdisziplin\u00e4r, Fachhochschule","og_url":"https:\/\/blog.zhaw.ch\/vielfalt\/ueber-uns\/","og_site_name":"vielfALT","article_modified_time":"2023-05-31T15:12:58+00:00","twitter_card":"summary_large_image","twitter_misc":{"Gesch\u00e4tzte Lesezeit":"1\u00a0Minute"},"schema":{"@context":"https:\/\/schema.org","@graph":[{"@type":"WebPage","@id":"https:\/\/blog.zhaw.ch\/vielfalt\/ueber-uns\/","url":"https:\/\/blog.zhaw.ch\/vielfalt\/ueber-uns\/","name":"\u00dcber uns - vielfALT","isPartOf":{"@id":"https:\/\/blog.zhaw.ch\/vielfalt\/#website"},"datePublished":"2023-05-25T13:11:26+00:00","dateModified":"2023-05-31T15:12:58+00:00","description":"L\u00f6sungsans\u00e4tze, Herausforderungen, Alter, Altern, Wissenschaft, Gesellschaft, Zukunft, interdisziplin\u00e4r, Fachhochschule","breadcrumb":{"@id":"https:\/\/blog.zhaw.ch\/vielfalt\/ueber-uns\/#breadcrumb"},"inLanguage":"de","potentialAction":[{"@type":"ReadAction","target":["https:\/\/blog.zhaw.ch\/vielfalt\/ueber-uns\/"]}]},{"@type":"BreadcrumbList","@id":"https:\/\/blog.zhaw.ch\/vielfalt\/ueber-uns\/#breadcrumb","itemListElement":[{"@type":"ListItem","position":1,"name":"Startseite","item":"https:\/\/blog.zhaw.ch\/vielfalt\/"},{"@type":"ListItem","position":2,"name":"\u00dcber uns"}]},{"@type":"WebSite","@id":"https:\/\/blog.zhaw.ch\/vielfalt\/#website","url":"https:\/\/blog.zhaw.ch\/vielfalt\/","name":"vielfALT","description":"Ein Blog der ZHAW Z\u00fcrcher Hochschule f\u00fcr Angewandte Wissenschaften","potentialAction":[{"@type":"SearchAction","target":{"@type":"EntryPoint","urlTemplate":"https:\/\/blog.zhaw.ch\/vielfalt\/?s={search_term_string}"},"query-input":{"@type":"PropertyValueSpecification","valueRequired":true,"valueName":"search_term_string"}}],"inLanguage":"de"}]}},"_links":{"self":[{"href":"https:\/\/blog.zhaw.ch\/vielfalt\/wp-json\/wp\/v2\/pages\/15","targetHints":{"allow":["GET"]}}],"collection":[{"href":"https:\/\/blog.zhaw.ch\/vielfalt\/wp-json\/wp\/v2\/pages"}],"about":[{"href":"https:\/\/blog.zhaw.ch\/vielfalt\/wp-json\/wp\/v2\/types\/page"}],"author":[{"embeddable":true,"href":"https:\/\/blog.zhaw.ch\/vielfalt\/wp-json\/wp\/v2\/users\/20"}],"replies":[{"embeddable":true,"href":"https:\/\/blog.zhaw.ch\/vielfalt\/wp-json\/wp\/v2\/comments?post=15"}],"version-history":[{"count":4,"href":"https:\/\/blog.zhaw.ch\/vielfalt\/wp-json\/wp\/v2\/pages\/15\/revisions"}],"predecessor-version":[{"id":67,"href":"https:\/\/blog.zhaw.ch\/vielfalt\/wp-json\/wp\/v2\/pages\/15\/revisions\/67"}],"wp:attachment":[{"href":"https:\/\/blog.zhaw.ch\/vielfalt\/wp-json\/wp\/v2\/media?parent=15"}],"curies":[{"name":"wp","href":"https:\/\/api.w.org\/{rel}","templated":true}]}}