{"id":29,"date":"2013-07-29T16:24:49","date_gmt":"2013-07-29T14:24:49","guid":{"rendered":"http:\/\/blog.zhaw.ch\/papierlosesstudium\/?page_id=29"},"modified":"2021-05-10T11:50:18","modified_gmt":"2021-05-10T09:50:18","slug":"feedback","status":"publish","type":"page","link":"https:\/\/blog.zhaw.ch\/papierlosesstudium\/feedback\/","title":{"rendered":"Feedback"},"content":{"rendered":"<p><em>Das Geheimnis des Erfolges ist, den Standpunkt des anderen zu verstehen.<br \/>\n&#8211; Henry Ford &#8211;<\/em><\/p>\n<p>Liebe Studierende und Dozierende, dieses Pilotprojekt kann nur dank Ihnen durchgef\u00fchrt werden und der Erfolg h\u00e4ngt stark von Ihrer aktiven Mitarbeit ab. Wir hoffen, dass Sie dem Pilotversuch mit Tablets offen gegen\u00fcberstehen und sich freuen, eine Pionierrolle an der ZHAW einnehmen zu k\u00f6nnen.<\/p>\n<p>Bei Fragen und Problemen stehen wir Ihnen jederzeit zur Verf\u00fcgung.<br \/>\nHier k\u00f6nnen Sie uns Ihre Meinung sagen, Lob und Kritik loswerden und uns Fragen stellen.<\/p>\n","protected":false},"excerpt":{"rendered":"<p>Das Geheimnis des Erfolges ist, den Standpunkt des anderen zu verstehen. &#8211; Henry Ford &#8211; Liebe Studierende und Dozierende, dieses Pilotprojekt kann nur dank Ihnen durchgef\u00fchrt werden und der Erfolg h\u00e4ngt stark von Ihrer aktiven Mitarbeit ab. Wir hoffen, dass Sie dem Pilotversuch mit Tablets offen gegen\u00fcberstehen und sich freuen, eine Pionierrolle an der ZHAW [&hellip;]<\/p>\n","protected":false},"author":22,"featured_media":0,"parent":0,"menu_order":0,"comment_status":"open","ping_status":"closed","template":"","meta":{"ngg_post_thumbnail":0,"footnotes":""},"class_list":["post-29","page","type-page","status-publish","hentry"],"yoast_head":"<!-- This site is optimized with the Yoast SEO Premium plugin v27.2 (Yoast SEO v27.2) - https:\/\/yoast.com\/product\/yoast-seo-premium-wordpress\/ -->\n<title>Feedback - studieren digital<\/title>\n<meta name=\"robots\" content=\"index, follow, max-snippet:-1, max-image-preview:large, max-video-preview:-1\" \/>\n<link rel=\"canonical\" href=\"https:\/\/blog.zhaw.ch\/papierlosesstudium\/feedback\/\" \/>\n<meta property=\"og:locale\" content=\"de_DE\" \/>\n<meta property=\"og:type\" content=\"article\" \/>\n<meta property=\"og:title\" content=\"Feedback\" \/>\n<meta property=\"og:description\" content=\"Das Geheimnis des Erfolges ist, den Standpunkt des anderen zu verstehen. &#8211; Henry Ford &#8211; Liebe Studierende und Dozierende, dieses Pilotprojekt kann nur dank Ihnen durchgef\u00fchrt werden und der Erfolg h\u00e4ngt stark von Ihrer aktiven Mitarbeit ab. Wir hoffen, dass Sie dem Pilotversuch mit Tablets offen gegen\u00fcberstehen und sich freuen, eine Pionierrolle an der ZHAW [&hellip;]\" \/>\n<meta property=\"og:url\" content=\"https:\/\/blog.zhaw.ch\/papierlosesstudium\/feedback\/\" \/>\n<meta property=\"og:site_name\" content=\"studieren digital\" \/>\n<meta property=\"article:modified_time\" content=\"2021-05-10T09:50:18+00:00\" \/>\n<meta name=\"twitter:card\" content=\"summary_large_image\" \/>\n<script type=\"application\/ld+json\" class=\"yoast-schema-graph\">{\"@context\":\"https:\/\/schema.org\",\"@graph\":[{\"@type\":\"WebPage\",\"@id\":\"https:\/\/blog.zhaw.ch\/papierlosesstudium\/feedback\/\",\"url\":\"https:\/\/blog.zhaw.ch\/papierlosesstudium\/feedback\/\",\"name\":\"Feedback - studieren digital\",\"isPartOf\":{\"@id\":\"https:\/\/blog.zhaw.ch\/papierlosesstudium\/#website\"},\"datePublished\":\"2013-07-29T14:24:49+00:00\",\"dateModified\":\"2021-05-10T09:50:18+00:00\",\"breadcrumb\":{\"@id\":\"https:\/\/blog.zhaw.ch\/papierlosesstudium\/feedback\/#breadcrumb\"},\"inLanguage\":\"de\",\"potentialAction\":[{\"@type\":\"ReadAction\",\"target\":[\"https:\/\/blog.zhaw.ch\/papierlosesstudium\/feedback\/\"]}]},{\"@type\":\"BreadcrumbList\",\"@id\":\"https:\/\/blog.zhaw.ch\/papierlosesstudium\/feedback\/#breadcrumb\",\"itemListElement\":[{\"@type\":\"ListItem\",\"position\":1,\"name\":\"Startseite\",\"item\":\"https:\/\/blog.zhaw.ch\/papierlosesstudium\/\"},{\"@type\":\"ListItem\",\"position\":2,\"name\":\"Feedback\"}]},{\"@type\":\"WebSite\",\"@id\":\"https:\/\/blog.zhaw.ch\/papierlosesstudium\/#website\",\"url\":\"https:\/\/blog.zhaw.ch\/papierlosesstudium\/\",\"name\":\"studieren digital\",\"description\":\"Ein Blog der ZHAW Z\u00fcrcher Hochschule f\u00fcr Angewandte Wissenschaften\",\"potentialAction\":[{\"@type\":\"SearchAction\",\"target\":{\"@type\":\"EntryPoint\",\"urlTemplate\":\"https:\/\/blog.zhaw.ch\/papierlosesstudium\/?s={search_term_string}\"},\"query-input\":{\"@type\":\"PropertyValueSpecification\",\"valueRequired\":true,\"valueName\":\"search_term_string\"}}],\"inLanguage\":\"de\"}]}<\/script>\n<!-- \/ Yoast SEO Premium plugin. -->","yoast_head_json":{"title":"Feedback - studieren digital","robots":{"index":"index","follow":"follow","max-snippet":"max-snippet:-1","max-image-preview":"max-image-preview:large","max-video-preview":"max-video-preview:-1"},"canonical":"https:\/\/blog.zhaw.ch\/papierlosesstudium\/feedback\/","og_locale":"de_DE","og_type":"article","og_title":"Feedback","og_description":"Das Geheimnis des Erfolges ist, den Standpunkt des anderen zu verstehen. &#8211; Henry Ford &#8211; Liebe Studierende und Dozierende, dieses Pilotprojekt kann nur dank Ihnen durchgef\u00fchrt werden und der Erfolg h\u00e4ngt stark von Ihrer aktiven Mitarbeit ab. Wir hoffen, dass Sie dem Pilotversuch mit Tablets offen gegen\u00fcberstehen und sich freuen, eine Pionierrolle an der ZHAW [&hellip;]","og_url":"https:\/\/blog.zhaw.ch\/papierlosesstudium\/feedback\/","og_site_name":"studieren digital","article_modified_time":"2021-05-10T09:50:18+00:00","twitter_card":"summary_large_image","schema":{"@context":"https:\/\/schema.org","@graph":[{"@type":"WebPage","@id":"https:\/\/blog.zhaw.ch\/papierlosesstudium\/feedback\/","url":"https:\/\/blog.zhaw.ch\/papierlosesstudium\/feedback\/","name":"Feedback - studieren digital","isPartOf":{"@id":"https:\/\/blog.zhaw.ch\/papierlosesstudium\/#website"},"datePublished":"2013-07-29T14:24:49+00:00","dateModified":"2021-05-10T09:50:18+00:00","breadcrumb":{"@id":"https:\/\/blog.zhaw.ch\/papierlosesstudium\/feedback\/#breadcrumb"},"inLanguage":"de","potentialAction":[{"@type":"ReadAction","target":["https:\/\/blog.zhaw.ch\/papierlosesstudium\/feedback\/"]}]},{"@type":"BreadcrumbList","@id":"https:\/\/blog.zhaw.ch\/papierlosesstudium\/feedback\/#breadcrumb","itemListElement":[{"@type":"ListItem","position":1,"name":"Startseite","item":"https:\/\/blog.zhaw.ch\/papierlosesstudium\/"},{"@type":"ListItem","position":2,"name":"Feedback"}]},{"@type":"WebSite","@id":"https:\/\/blog.zhaw.ch\/papierlosesstudium\/#website","url":"https:\/\/blog.zhaw.ch\/papierlosesstudium\/","name":"studieren digital","description":"Ein Blog der ZHAW Z\u00fcrcher Hochschule f\u00fcr Angewandte Wissenschaften","potentialAction":[{"@type":"SearchAction","target":{"@type":"EntryPoint","urlTemplate":"https:\/\/blog.zhaw.ch\/papierlosesstudium\/?s={search_term_string}"},"query-input":{"@type":"PropertyValueSpecification","valueRequired":true,"valueName":"search_term_string"}}],"inLanguage":"de"}]}},"_links":{"self":[{"href":"https:\/\/blog.zhaw.ch\/papierlosesstudium\/wp-json\/wp\/v2\/pages\/29","targetHints":{"allow":["GET"]}}],"collection":[{"href":"https:\/\/blog.zhaw.ch\/papierlosesstudium\/wp-json\/wp\/v2\/pages"}],"about":[{"href":"https:\/\/blog.zhaw.ch\/papierlosesstudium\/wp-json\/wp\/v2\/types\/page"}],"author":[{"embeddable":true,"href":"https:\/\/blog.zhaw.ch\/papierlosesstudium\/wp-json\/wp\/v2\/users\/22"}],"replies":[{"embeddable":true,"href":"https:\/\/blog.zhaw.ch\/papierlosesstudium\/wp-json\/wp\/v2\/comments?post=29"}],"version-history":[{"count":6,"href":"https:\/\/blog.zhaw.ch\/papierlosesstudium\/wp-json\/wp\/v2\/pages\/29\/revisions"}],"predecessor-version":[{"id":82,"href":"https:\/\/blog.zhaw.ch\/papierlosesstudium\/wp-json\/wp\/v2\/pages\/29\/revisions\/82"}],"wp:attachment":[{"href":"https:\/\/blog.zhaw.ch\/papierlosesstudium\/wp-json\/wp\/v2\/media?parent=29"}],"curies":[{"name":"wp","href":"https:\/\/api.w.org\/{rel}","templated":true}]}}