{"id":13,"date":"2014-06-24T08:32:45","date_gmt":"2014-06-24T06:32:45","guid":{"rendered":"http:\/\/blog.zhaw.ch\/marketingmanagement\/?page_id=13"},"modified":"2014-06-24T08:32:53","modified_gmt":"2014-06-24T06:32:53","slug":"ueber-uns","status":"publish","type":"page","link":"https:\/\/blog.zhaw.ch\/marketingmanagement\/ueber-uns\/","title":{"rendered":"\u00dcber uns"},"content":{"rendered":"<div class=\"entry-content\">\n<p>Die ZHAW ist eine der f\u00fchrenden Schweizer Hochschulen f\u00fcr Angewandte Wissenschaften. Sie arbeitet anwendungsorientiert und wissenschaftlich in Lehre, Forschung, Weiterbildung, Dienstleistung und Beratung. Absolventinnen und Absolventen der ZHAW sind dadurch nach dem Studium arbeitsmarktf\u00e4hig \u2013 auch in einem internationalen und interkulturellen Umfeld.<\/p>\n<p>Fachdepartemente der ZHAW sind: Architektur, Gestaltung und Bauingenieurwesen, Gesundheit, Angewandte Linguistik, Life Sciences und Facility Management, Angewandte Psychologie, Soziale Arbeit, School of Engineering sowie School of Management and Law. In den 26 Bachelor- und 13 konsekutiven Masterstudieng\u00e4ngen sind \u00fcber 10\u2018000 Studierende eingeschrieben.<\/p>\n<p>Als Partnerin f\u00fcr lebenslanges Lernen bietet die ZHAW zudem eine grosse Vielfalt an Weiterbildungsprogrammen in allen Fachbereichen an. Das Angebot umfasst rund 40 Weiterbildungs-Masterstudieng\u00e4nge, \u00fcber 150 Diplom- und Zertifikatslehrg\u00e4nge sowie diverse Weiterbildungskurse.<\/p>\n<p>Als eine der gr\u00f6ssten Fachhochschulen der Schweiz verf\u00fcgt die ZHAW \u00fcber ein breites Fachwissen und betreibt in allen Departementen disziplin\u00e4re und interdisziplin\u00e4re Forschung. Ergebnisse aus Forschungsprojekten der ZHAW zeichnen sich dadurch aus, dass die gleichzeitig wissenschaftlich fundiert und in der Praxis umsetzbar sind.<\/p>\n<p>Alle Standorte der ZHAW \u2013 Winterthur, Z\u00fcrich und W\u00e4denswil \u2013 befinden sich innerhalb der wirtschaftlich starken Greater Zurich Area, sind Studien- und Arbeitsorte mit hoher Lebensqualit\u00e4t und durch \u00f6ffentliche Verkehrsmittel bestens erschlossen.<\/p>\n<p><a href=\"http:\/\/www.zhaw.ch\">www.zhaw.ch<\/a><\/p>\n<\/div>\n","protected":false},"excerpt":{"rendered":"<p>Die ZHAW ist eine der f\u00fchrenden Schweizer Hochschulen f\u00fcr Angewandte Wissenschaften. Sie arbeitet anwendungsorientiert und wissenschaftlich in Lehre, Forschung, Weiterbildung, Dienstleistung und Beratung. Absolventinnen und Absolventen der ZHAW sind dadurch nach dem Studium arbeitsmarktf\u00e4hig \u2013 auch in einem internationalen und interkulturellen Umfeld. Fachdepartemente der ZHAW sind: Architektur, Gestaltung und Bauingenieurwesen, Gesundheit, Angewandte Linguistik, Life Sciences [&hellip;]<\/p>\n","protected":false},"author":2,"featured_media":0,"parent":0,"menu_order":0,"comment_status":"closed","ping_status":"closed","template":"","meta":{"ngg_post_thumbnail":0,"footnotes":""},"class_list":["post-13","page","type-page","status-publish","hentry"],"yoast_head":"<!-- This site is optimized with the Yoast SEO Premium plugin v27.2 (Yoast SEO v27.2) - https:\/\/yoast.com\/product\/yoast-seo-premium-wordpress\/ -->\n<title>\u00dcber uns - Marketing Management-Blog<\/title>\n<meta name=\"robots\" content=\"index, follow, max-snippet:-1, max-image-preview:large, max-video-preview:-1\" \/>\n<link rel=\"canonical\" href=\"https:\/\/blog.zhaw.ch\/marketingmanagement\/ueber-uns\/\" \/>\n<meta property=\"og:locale\" content=\"de_DE\" \/>\n<meta property=\"og:type\" content=\"article\" \/>\n<meta property=\"og:title\" content=\"\u00dcber uns\" \/>\n<meta property=\"og:description\" content=\"Die ZHAW ist eine der f\u00fchrenden Schweizer Hochschulen f\u00fcr Angewandte Wissenschaften. Sie arbeitet anwendungsorientiert und wissenschaftlich in Lehre, Forschung, Weiterbildung, Dienstleistung und Beratung. Absolventinnen und Absolventen der ZHAW sind dadurch nach dem Studium arbeitsmarktf\u00e4hig \u2013 auch in einem internationalen und interkulturellen Umfeld. Fachdepartemente der ZHAW sind: Architektur, Gestaltung und Bauingenieurwesen, Gesundheit, Angewandte Linguistik, Life Sciences [&hellip;]\" \/>\n<meta property=\"og:url\" content=\"https:\/\/blog.zhaw.ch\/marketingmanagement\/ueber-uns\/\" \/>\n<meta property=\"og:site_name\" content=\"Marketing Management-Blog\" \/>\n<meta property=\"article:modified_time\" content=\"2014-06-24T06:32:53+00:00\" \/>\n<meta name=\"twitter:card\" content=\"summary_large_image\" \/>\n<meta name=\"twitter:label1\" content=\"Gesch\u00e4tzte Lesezeit\" \/>\n\t<meta name=\"twitter:data1\" content=\"1\u00a0Minute\" \/>\n<script type=\"application\/ld+json\" class=\"yoast-schema-graph\">{\"@context\":\"https:\/\/schema.org\",\"@graph\":[{\"@type\":\"WebPage\",\"@id\":\"https:\/\/blog.zhaw.ch\/marketingmanagement\/ueber-uns\/\",\"url\":\"https:\/\/blog.zhaw.ch\/marketingmanagement\/ueber-uns\/\",\"name\":\"\u00dcber uns - Marketing Management-Blog\",\"isPartOf\":{\"@id\":\"https:\/\/blog.zhaw.ch\/marketingmanagement\/#website\"},\"datePublished\":\"2014-06-24T06:32:45+00:00\",\"dateModified\":\"2014-06-24T06:32:53+00:00\",\"breadcrumb\":{\"@id\":\"https:\/\/blog.zhaw.ch\/marketingmanagement\/ueber-uns\/#breadcrumb\"},\"inLanguage\":\"de\",\"potentialAction\":[{\"@type\":\"ReadAction\",\"target\":[\"https:\/\/blog.zhaw.ch\/marketingmanagement\/ueber-uns\/\"]}]},{\"@type\":\"BreadcrumbList\",\"@id\":\"https:\/\/blog.zhaw.ch\/marketingmanagement\/ueber-uns\/#breadcrumb\",\"itemListElement\":[{\"@type\":\"ListItem\",\"position\":1,\"name\":\"Startseite\",\"item\":\"https:\/\/blog.zhaw.ch\/marketingmanagement\/\"},{\"@type\":\"ListItem\",\"position\":2,\"name\":\"\u00dcber uns\"}]},{\"@type\":\"WebSite\",\"@id\":\"https:\/\/blog.zhaw.ch\/marketingmanagement\/#website\",\"url\":\"https:\/\/blog.zhaw.ch\/marketingmanagement\/\",\"name\":\"Marketing Management-Blog\",\"description\":\"Ein Blog der ZHAW Z\u00fcrcher Hochschule f\u00fcr Angewandte Wissenschaften\",\"potentialAction\":[{\"@type\":\"SearchAction\",\"target\":{\"@type\":\"EntryPoint\",\"urlTemplate\":\"https:\/\/blog.zhaw.ch\/marketingmanagement\/?s={search_term_string}\"},\"query-input\":{\"@type\":\"PropertyValueSpecification\",\"valueRequired\":true,\"valueName\":\"search_term_string\"}}],\"inLanguage\":\"de\"}]}<\/script>\n<!-- \/ Yoast SEO Premium plugin. -->","yoast_head_json":{"title":"\u00dcber uns - Marketing Management-Blog","robots":{"index":"index","follow":"follow","max-snippet":"max-snippet:-1","max-image-preview":"max-image-preview:large","max-video-preview":"max-video-preview:-1"},"canonical":"https:\/\/blog.zhaw.ch\/marketingmanagement\/ueber-uns\/","og_locale":"de_DE","og_type":"article","og_title":"\u00dcber uns","og_description":"Die ZHAW ist eine der f\u00fchrenden Schweizer Hochschulen f\u00fcr Angewandte Wissenschaften. Sie arbeitet anwendungsorientiert und wissenschaftlich in Lehre, Forschung, Weiterbildung, Dienstleistung und Beratung. Absolventinnen und Absolventen der ZHAW sind dadurch nach dem Studium arbeitsmarktf\u00e4hig \u2013 auch in einem internationalen und interkulturellen Umfeld. Fachdepartemente der ZHAW sind: Architektur, Gestaltung und Bauingenieurwesen, Gesundheit, Angewandte Linguistik, Life Sciences [&hellip;]","og_url":"https:\/\/blog.zhaw.ch\/marketingmanagement\/ueber-uns\/","og_site_name":"Marketing Management-Blog","article_modified_time":"2014-06-24T06:32:53+00:00","twitter_card":"summary_large_image","twitter_misc":{"Gesch\u00e4tzte Lesezeit":"1\u00a0Minute"},"schema":{"@context":"https:\/\/schema.org","@graph":[{"@type":"WebPage","@id":"https:\/\/blog.zhaw.ch\/marketingmanagement\/ueber-uns\/","url":"https:\/\/blog.zhaw.ch\/marketingmanagement\/ueber-uns\/","name":"\u00dcber uns - Marketing Management-Blog","isPartOf":{"@id":"https:\/\/blog.zhaw.ch\/marketingmanagement\/#website"},"datePublished":"2014-06-24T06:32:45+00:00","dateModified":"2014-06-24T06:32:53+00:00","breadcrumb":{"@id":"https:\/\/blog.zhaw.ch\/marketingmanagement\/ueber-uns\/#breadcrumb"},"inLanguage":"de","potentialAction":[{"@type":"ReadAction","target":["https:\/\/blog.zhaw.ch\/marketingmanagement\/ueber-uns\/"]}]},{"@type":"BreadcrumbList","@id":"https:\/\/blog.zhaw.ch\/marketingmanagement\/ueber-uns\/#breadcrumb","itemListElement":[{"@type":"ListItem","position":1,"name":"Startseite","item":"https:\/\/blog.zhaw.ch\/marketingmanagement\/"},{"@type":"ListItem","position":2,"name":"\u00dcber uns"}]},{"@type":"WebSite","@id":"https:\/\/blog.zhaw.ch\/marketingmanagement\/#website","url":"https:\/\/blog.zhaw.ch\/marketingmanagement\/","name":"Marketing Management-Blog","description":"Ein Blog der ZHAW Z\u00fcrcher Hochschule f\u00fcr Angewandte Wissenschaften","potentialAction":[{"@type":"SearchAction","target":{"@type":"EntryPoint","urlTemplate":"https:\/\/blog.zhaw.ch\/marketingmanagement\/?s={search_term_string}"},"query-input":{"@type":"PropertyValueSpecification","valueRequired":true,"valueName":"search_term_string"}}],"inLanguage":"de"}]}},"_links":{"self":[{"href":"https:\/\/blog.zhaw.ch\/marketingmanagement\/wp-json\/wp\/v2\/pages\/13","targetHints":{"allow":["GET"]}}],"collection":[{"href":"https:\/\/blog.zhaw.ch\/marketingmanagement\/wp-json\/wp\/v2\/pages"}],"about":[{"href":"https:\/\/blog.zhaw.ch\/marketingmanagement\/wp-json\/wp\/v2\/types\/page"}],"author":[{"embeddable":true,"href":"https:\/\/blog.zhaw.ch\/marketingmanagement\/wp-json\/wp\/v2\/users\/2"}],"replies":[{"embeddable":true,"href":"https:\/\/blog.zhaw.ch\/marketingmanagement\/wp-json\/wp\/v2\/comments?post=13"}],"version-history":[{"count":1,"href":"https:\/\/blog.zhaw.ch\/marketingmanagement\/wp-json\/wp\/v2\/pages\/13\/revisions"}],"predecessor-version":[{"id":14,"href":"https:\/\/blog.zhaw.ch\/marketingmanagement\/wp-json\/wp\/v2\/pages\/13\/revisions\/14"}],"wp:attachment":[{"href":"https:\/\/blog.zhaw.ch\/marketingmanagement\/wp-json\/wp\/v2\/media?parent=13"}],"curies":[{"name":"wp","href":"https:\/\/api.w.org\/{rel}","templated":true}]}}