{"id":14,"date":"2016-10-28T10:36:29","date_gmt":"2016-10-28T08:36:29","guid":{"rendered":"http:\/\/blog.zhaw.ch\/industrie4null\/?page_id=14"},"modified":"2016-10-28T10:36:29","modified_gmt":"2016-10-28T08:36:29","slug":"ueber-uns","status":"publish","type":"page","link":"https:\/\/blog.zhaw.ch\/industrie4null\/ueber-uns\/","title":{"rendered":"\u00dcber uns"},"content":{"rendered":"<div class=\"entry-content\">\n<p>Die ZHAW Z\u00fccher Hochschule f\u00fcr Angewandte Wissenschaften\u00a0ist eine der f\u00fchrenden Hochschulen f\u00fcr Angewandte Wissenschaften in der Schweiz. In Forschung und Entwicklung orientiert sich die ZHAW an zentralen gesellschaftlichen Herausforderungen \u2013 mit den Schwerpunkten Energie und Gesellschaftliche Integration. Die ZHAW ist mit ihren Standorten in Winterthur, Z\u00fcrich und W\u00e4denswil regional verankert und kooperiert\u00a0mit internationalen Partnern. Die Hochschule umfasst acht Departemente: Angewandte Linguistik, Angewandte Psychologie, Architektur, Gestaltung und Bauingenieurwesen, Gesundheit, Life Sciences und Facility Management, School of Engineering, School of Management and Law sowie Soziale Arbeit.<\/p>\n<p><a href=\"http:\/\/www.zhaw.ch\">www.zhaw.ch<\/a><\/p>\n<\/div>\n","protected":false},"excerpt":{"rendered":"<p>Die ZHAW Z\u00fccher Hochschule f\u00fcr Angewandte Wissenschaften\u00a0ist eine der f\u00fchrenden Hochschulen f\u00fcr Angewandte Wissenschaften in der Schweiz. In Forschung und Entwicklung orientiert sich die ZHAW an zentralen gesellschaftlichen Herausforderungen \u2013 mit den Schwerpunkten Energie und Gesellschaftliche Integration. Die ZHAW ist mit ihren Standorten in Winterthur, Z\u00fcrich und W\u00e4denswil regional verankert und kooperiert\u00a0mit internationalen Partnern. Die [&hellip;]<\/p>\n","protected":false},"author":2,"featured_media":0,"parent":0,"menu_order":0,"comment_status":"closed","ping_status":"closed","template":"","meta":{"ngg_post_thumbnail":0,"footnotes":""},"class_list":["post-14","page","type-page","status-publish","hentry"],"yoast_head":"<!-- This site is optimized with the Yoast SEO Premium plugin v27.2 (Yoast SEO v27.2) - https:\/\/yoast.com\/product\/yoast-seo-premium-wordpress\/ -->\n<title>\u00dcber uns - ZHAW Industrie 4.0<\/title>\n<meta name=\"robots\" content=\"index, follow, max-snippet:-1, max-image-preview:large, max-video-preview:-1\" \/>\n<link rel=\"canonical\" href=\"https:\/\/blog.zhaw.ch\/industrie4null\/ueber-uns\/\" \/>\n<meta property=\"og:locale\" content=\"de_DE\" \/>\n<meta property=\"og:type\" content=\"article\" \/>\n<meta property=\"og:title\" content=\"\u00dcber uns\" \/>\n<meta property=\"og:description\" content=\"Die ZHAW Z\u00fccher Hochschule f\u00fcr Angewandte Wissenschaften\u00a0ist eine der f\u00fchrenden Hochschulen f\u00fcr Angewandte Wissenschaften in der Schweiz. In Forschung und Entwicklung orientiert sich die ZHAW an zentralen gesellschaftlichen Herausforderungen \u2013 mit den Schwerpunkten Energie und Gesellschaftliche Integration. Die ZHAW ist mit ihren Standorten in Winterthur, Z\u00fcrich und W\u00e4denswil regional verankert und kooperiert\u00a0mit internationalen Partnern. Die [&hellip;]\" \/>\n<meta property=\"og:url\" content=\"https:\/\/blog.zhaw.ch\/industrie4null\/ueber-uns\/\" \/>\n<meta property=\"og:site_name\" content=\"ZHAW Industrie 4.0\" \/>\n<meta name=\"twitter:card\" content=\"summary_large_image\" \/>\n<script type=\"application\/ld+json\" class=\"yoast-schema-graph\">{\"@context\":\"https:\/\/schema.org\",\"@graph\":[{\"@type\":\"WebPage\",\"@id\":\"https:\/\/blog.zhaw.ch\/industrie4null\/ueber-uns\/\",\"url\":\"https:\/\/blog.zhaw.ch\/industrie4null\/ueber-uns\/\",\"name\":\"\u00dcber uns - ZHAW Industrie 4.0\",\"isPartOf\":{\"@id\":\"https:\/\/blog.zhaw.ch\/industrie4null\/#website\"},\"datePublished\":\"2016-10-28T08:36:29+00:00\",\"breadcrumb\":{\"@id\":\"https:\/\/blog.zhaw.ch\/industrie4null\/ueber-uns\/#breadcrumb\"},\"inLanguage\":\"de\",\"potentialAction\":[{\"@type\":\"ReadAction\",\"target\":[\"https:\/\/blog.zhaw.ch\/industrie4null\/ueber-uns\/\"]}]},{\"@type\":\"BreadcrumbList\",\"@id\":\"https:\/\/blog.zhaw.ch\/industrie4null\/ueber-uns\/#breadcrumb\",\"itemListElement\":[{\"@type\":\"ListItem\",\"position\":1,\"name\":\"Startseite\",\"item\":\"https:\/\/blog.zhaw.ch\/industrie4null\/\"},{\"@type\":\"ListItem\",\"position\":2,\"name\":\"\u00dcber uns\"}]},{\"@type\":\"WebSite\",\"@id\":\"https:\/\/blog.zhaw.ch\/industrie4null\/#website\",\"url\":\"https:\/\/blog.zhaw.ch\/industrie4null\/\",\"name\":\"ZHAW Industrie 4.0\",\"description\":\"Ein Blog der ZHAW Z\u00fcrcher Hochschule f\u00fcr Angewandte Wissenschaften\",\"potentialAction\":[{\"@type\":\"SearchAction\",\"target\":{\"@type\":\"EntryPoint\",\"urlTemplate\":\"https:\/\/blog.zhaw.ch\/industrie4null\/?s={search_term_string}\"},\"query-input\":{\"@type\":\"PropertyValueSpecification\",\"valueRequired\":true,\"valueName\":\"search_term_string\"}}],\"inLanguage\":\"de\"}]}<\/script>\n<!-- \/ Yoast SEO Premium plugin. -->","yoast_head_json":{"title":"\u00dcber uns - ZHAW Industrie 4.0","robots":{"index":"index","follow":"follow","max-snippet":"max-snippet:-1","max-image-preview":"max-image-preview:large","max-video-preview":"max-video-preview:-1"},"canonical":"https:\/\/blog.zhaw.ch\/industrie4null\/ueber-uns\/","og_locale":"de_DE","og_type":"article","og_title":"\u00dcber uns","og_description":"Die ZHAW Z\u00fccher Hochschule f\u00fcr Angewandte Wissenschaften\u00a0ist eine der f\u00fchrenden Hochschulen f\u00fcr Angewandte Wissenschaften in der Schweiz. In Forschung und Entwicklung orientiert sich die ZHAW an zentralen gesellschaftlichen Herausforderungen \u2013 mit den Schwerpunkten Energie und Gesellschaftliche Integration. Die ZHAW ist mit ihren Standorten in Winterthur, Z\u00fcrich und W\u00e4denswil regional verankert und kooperiert\u00a0mit internationalen Partnern. Die [&hellip;]","og_url":"https:\/\/blog.zhaw.ch\/industrie4null\/ueber-uns\/","og_site_name":"ZHAW Industrie 4.0","twitter_card":"summary_large_image","schema":{"@context":"https:\/\/schema.org","@graph":[{"@type":"WebPage","@id":"https:\/\/blog.zhaw.ch\/industrie4null\/ueber-uns\/","url":"https:\/\/blog.zhaw.ch\/industrie4null\/ueber-uns\/","name":"\u00dcber uns - ZHAW Industrie 4.0","isPartOf":{"@id":"https:\/\/blog.zhaw.ch\/industrie4null\/#website"},"datePublished":"2016-10-28T08:36:29+00:00","breadcrumb":{"@id":"https:\/\/blog.zhaw.ch\/industrie4null\/ueber-uns\/#breadcrumb"},"inLanguage":"de","potentialAction":[{"@type":"ReadAction","target":["https:\/\/blog.zhaw.ch\/industrie4null\/ueber-uns\/"]}]},{"@type":"BreadcrumbList","@id":"https:\/\/blog.zhaw.ch\/industrie4null\/ueber-uns\/#breadcrumb","itemListElement":[{"@type":"ListItem","position":1,"name":"Startseite","item":"https:\/\/blog.zhaw.ch\/industrie4null\/"},{"@type":"ListItem","position":2,"name":"\u00dcber uns"}]},{"@type":"WebSite","@id":"https:\/\/blog.zhaw.ch\/industrie4null\/#website","url":"https:\/\/blog.zhaw.ch\/industrie4null\/","name":"ZHAW Industrie 4.0","description":"Ein Blog der ZHAW Z\u00fcrcher Hochschule f\u00fcr Angewandte Wissenschaften","potentialAction":[{"@type":"SearchAction","target":{"@type":"EntryPoint","urlTemplate":"https:\/\/blog.zhaw.ch\/industrie4null\/?s={search_term_string}"},"query-input":{"@type":"PropertyValueSpecification","valueRequired":true,"valueName":"search_term_string"}}],"inLanguage":"de"}]}},"_links":{"self":[{"href":"https:\/\/blog.zhaw.ch\/industrie4null\/wp-json\/wp\/v2\/pages\/14","targetHints":{"allow":["GET"]}}],"collection":[{"href":"https:\/\/blog.zhaw.ch\/industrie4null\/wp-json\/wp\/v2\/pages"}],"about":[{"href":"https:\/\/blog.zhaw.ch\/industrie4null\/wp-json\/wp\/v2\/types\/page"}],"author":[{"embeddable":true,"href":"https:\/\/blog.zhaw.ch\/industrie4null\/wp-json\/wp\/v2\/users\/2"}],"replies":[{"embeddable":true,"href":"https:\/\/blog.zhaw.ch\/industrie4null\/wp-json\/wp\/v2\/comments?post=14"}],"version-history":[{"count":1,"href":"https:\/\/blog.zhaw.ch\/industrie4null\/wp-json\/wp\/v2\/pages\/14\/revisions"}],"predecessor-version":[{"id":15,"href":"https:\/\/blog.zhaw.ch\/industrie4null\/wp-json\/wp\/v2\/pages\/14\/revisions\/15"}],"wp:attachment":[{"href":"https:\/\/blog.zhaw.ch\/industrie4null\/wp-json\/wp\/v2\/media?parent=14"}],"curies":[{"name":"wp","href":"https:\/\/api.w.org\/{rel}","templated":true}]}}