{"id":6,"date":"2015-10-23T10:36:14","date_gmt":"2015-10-23T08:36:14","guid":{"rendered":"http:\/\/blog.zhaw.ch\/iap\/?page_id=6"},"modified":"2022-05-13T08:34:45","modified_gmt":"2022-05-13T06:34:45","slug":"ueber-uns","status":"publish","type":"page","link":"https:\/\/blog.zhaw.ch\/iap\/ueber-uns\/","title":{"rendered":"\u00dcber uns"},"content":{"rendered":"<p>Das ist ein Blog des IAP Institut f\u00fcr Angewandte Psychologie der ZHAW. Das IAP ist das f\u00fchrende Weiterbildungs- und Beratungsinstitut f\u00fcr Angewandte Psychologie in der Schweiz. Seit 1923 entwickelt das IAP auf der Basis wissenschaftlich fundierter Psychologie konkrete L\u00f6sungen f\u00fcr die Herausforderungen in der Praxis. Mit <a href=\"https:\/\/www.zhaw.ch\/de\/psychologie\/dienstleistungen\/\"><u><span style=\"color: #0066cc\">Beratung<\/span><\/u><\/a> und <a href=\"https:\/\/www.zhaw.ch\/de\/psychologie\/weiterbildung\/\"><u><span style=\"color: #0066cc\">Weiterbildung<\/span><\/u><\/a> f\u00f6rdern wir die Kompetenz von Menschen und Organisationen und unterst\u00fctzt sie dabei, verantwortungsvoll und erfolgreich zu handeln. Im Zusammenspiel von <a href=\"https:\/\/www.zhaw.ch\/de\/psychologie\/dienstleistungen\/\"><u><span style=\"color: #0066cc\">Dienstleistung<\/span><\/u><\/a> (Beratung, Coaching, Diagnostik und Therapie), <a href=\"https:\/\/www.zhaw.ch\/de\/psychologie\/weiterbildung\/\"><u><span style=\"color: #0066cc\">Weiterbildung<\/span><\/u><\/a>, <a href=\"https:\/\/www.zhaw.ch\/de\/psychologie\/forschung\/\"><u><span style=\"color: #0066cc\">Forschung<\/span><\/u><\/a> und <a href=\"https:\/\/www.zhaw.ch\/de\/psychologie\/studium\/\"><u><span style=\"color: #0066cc\">Lehre<\/span><\/u><\/a> erg\u00e4nzen sich neuste Erkenntnisse aus der Wissenschaft und langj\u00e4hrige Erfahrung in der Praxis gegenseitig. Auf dieser Basis entsteht ein Angebot, das praxisorientiert, praxiserprobt und wissenschaftlich fundiert ist.<\/p>\n<p><a href=\"https:\/\/www.zhaw.ch\/de\/psychologie\/institute\/iap\/\">www.zhaw.ch\/iap<\/a><\/p>\n","protected":false},"excerpt":{"rendered":"<p>Das ist ein Blog des IAP Institut f\u00fcr Angewandte Psychologie der ZHAW. Das IAP ist das f\u00fchrende Weiterbildungs- und Beratungsinstitut f\u00fcr Angewandte Psychologie in der Schweiz. Seit 1923 entwickelt das IAP auf der Basis wissenschaftlich fundierter Psychologie konkrete L\u00f6sungen f\u00fcr die Herausforderungen in der Praxis. Mit Beratung und Weiterbildung f\u00f6rdern wir die Kompetenz von Menschen [&hellip;]<\/p>\n","protected":false},"author":2,"featured_media":0,"parent":0,"menu_order":0,"comment_status":"closed","ping_status":"closed","template":"","meta":{"ngg_post_thumbnail":0,"footnotes":""},"class_list":["post-6","page","type-page","status-publish","hentry"],"yoast_head":"<!-- This site is optimized with the Yoast SEO Premium plugin v27.2 (Yoast SEO v27.2) - https:\/\/yoast.com\/product\/yoast-seo-premium-wordpress\/ -->\n<title>\u00dcber uns - Psychologie im Alltag nutzen<\/title>\n<meta name=\"robots\" content=\"index, follow, max-snippet:-1, max-image-preview:large, max-video-preview:-1\" \/>\n<link rel=\"canonical\" href=\"https:\/\/blog.zhaw.ch\/iap\/ueber-uns\/\" \/>\n<meta property=\"og:locale\" content=\"de_DE\" \/>\n<meta property=\"og:type\" content=\"article\" \/>\n<meta property=\"og:title\" content=\"\u00dcber uns\" \/>\n<meta property=\"og:description\" content=\"Das ist ein Blog des IAP Institut f\u00fcr Angewandte Psychologie der ZHAW. Das IAP ist das f\u00fchrende Weiterbildungs- und Beratungsinstitut f\u00fcr Angewandte Psychologie in der Schweiz. Seit 1923 entwickelt das IAP auf der Basis wissenschaftlich fundierter Psychologie konkrete L\u00f6sungen f\u00fcr die Herausforderungen in der Praxis. Mit Beratung und Weiterbildung f\u00f6rdern wir die Kompetenz von Menschen [&hellip;]\" \/>\n<meta property=\"og:url\" content=\"https:\/\/blog.zhaw.ch\/iap\/ueber-uns\/\" \/>\n<meta property=\"og:site_name\" content=\"Psychologie im Alltag nutzen\" \/>\n<meta property=\"article:modified_time\" content=\"2022-05-13T06:34:45+00:00\" \/>\n<meta name=\"twitter:card\" content=\"summary_large_image\" \/>\n<meta name=\"twitter:label1\" content=\"Gesch\u00e4tzte Lesezeit\" \/>\n\t<meta name=\"twitter:data1\" content=\"1\u00a0Minute\" \/>\n<script type=\"application\/ld+json\" class=\"yoast-schema-graph\">{\"@context\":\"https:\/\/schema.org\",\"@graph\":[{\"@type\":\"WebPage\",\"@id\":\"https:\/\/blog.zhaw.ch\/iap\/ueber-uns\/\",\"url\":\"https:\/\/blog.zhaw.ch\/iap\/ueber-uns\/\",\"name\":\"\u00dcber uns - Psychologie im Alltag nutzen\",\"isPartOf\":{\"@id\":\"https:\/\/blog.zhaw.ch\/iap\/#website\"},\"datePublished\":\"2015-10-23T08:36:14+00:00\",\"dateModified\":\"2022-05-13T06:34:45+00:00\",\"breadcrumb\":{\"@id\":\"https:\/\/blog.zhaw.ch\/iap\/ueber-uns\/#breadcrumb\"},\"inLanguage\":\"de\",\"potentialAction\":[{\"@type\":\"ReadAction\",\"target\":[\"https:\/\/blog.zhaw.ch\/iap\/ueber-uns\/\"]}]},{\"@type\":\"BreadcrumbList\",\"@id\":\"https:\/\/blog.zhaw.ch\/iap\/ueber-uns\/#breadcrumb\",\"itemListElement\":[{\"@type\":\"ListItem\",\"position\":1,\"name\":\"Startseite\",\"item\":\"https:\/\/blog.zhaw.ch\/iap\/\"},{\"@type\":\"ListItem\",\"position\":2,\"name\":\"\u00dcber uns\"}]},{\"@type\":\"WebSite\",\"@id\":\"https:\/\/blog.zhaw.ch\/iap\/#website\",\"url\":\"https:\/\/blog.zhaw.ch\/iap\/\",\"name\":\"Psychologie im Alltag nutzen\",\"description\":\"Ein Blog der ZHAW Z\u00fcrcher Hochschule f\u00fcr Angewandte Wissenschaften\",\"potentialAction\":[{\"@type\":\"SearchAction\",\"target\":{\"@type\":\"EntryPoint\",\"urlTemplate\":\"https:\/\/blog.zhaw.ch\/iap\/?s={search_term_string}\"},\"query-input\":{\"@type\":\"PropertyValueSpecification\",\"valueRequired\":true,\"valueName\":\"search_term_string\"}}],\"inLanguage\":\"de\"}]}<\/script>\n<!-- \/ Yoast SEO Premium plugin. -->","yoast_head_json":{"title":"\u00dcber uns - Psychologie im Alltag nutzen","robots":{"index":"index","follow":"follow","max-snippet":"max-snippet:-1","max-image-preview":"max-image-preview:large","max-video-preview":"max-video-preview:-1"},"canonical":"https:\/\/blog.zhaw.ch\/iap\/ueber-uns\/","og_locale":"de_DE","og_type":"article","og_title":"\u00dcber uns","og_description":"Das ist ein Blog des IAP Institut f\u00fcr Angewandte Psychologie der ZHAW. Das IAP ist das f\u00fchrende Weiterbildungs- und Beratungsinstitut f\u00fcr Angewandte Psychologie in der Schweiz. Seit 1923 entwickelt das IAP auf der Basis wissenschaftlich fundierter Psychologie konkrete L\u00f6sungen f\u00fcr die Herausforderungen in der Praxis. Mit Beratung und Weiterbildung f\u00f6rdern wir die Kompetenz von Menschen [&hellip;]","og_url":"https:\/\/blog.zhaw.ch\/iap\/ueber-uns\/","og_site_name":"Psychologie im Alltag nutzen","article_modified_time":"2022-05-13T06:34:45+00:00","twitter_card":"summary_large_image","twitter_misc":{"Gesch\u00e4tzte Lesezeit":"1\u00a0Minute"},"schema":{"@context":"https:\/\/schema.org","@graph":[{"@type":"WebPage","@id":"https:\/\/blog.zhaw.ch\/iap\/ueber-uns\/","url":"https:\/\/blog.zhaw.ch\/iap\/ueber-uns\/","name":"\u00dcber uns - Psychologie im Alltag nutzen","isPartOf":{"@id":"https:\/\/blog.zhaw.ch\/iap\/#website"},"datePublished":"2015-10-23T08:36:14+00:00","dateModified":"2022-05-13T06:34:45+00:00","breadcrumb":{"@id":"https:\/\/blog.zhaw.ch\/iap\/ueber-uns\/#breadcrumb"},"inLanguage":"de","potentialAction":[{"@type":"ReadAction","target":["https:\/\/blog.zhaw.ch\/iap\/ueber-uns\/"]}]},{"@type":"BreadcrumbList","@id":"https:\/\/blog.zhaw.ch\/iap\/ueber-uns\/#breadcrumb","itemListElement":[{"@type":"ListItem","position":1,"name":"Startseite","item":"https:\/\/blog.zhaw.ch\/iap\/"},{"@type":"ListItem","position":2,"name":"\u00dcber uns"}]},{"@type":"WebSite","@id":"https:\/\/blog.zhaw.ch\/iap\/#website","url":"https:\/\/blog.zhaw.ch\/iap\/","name":"Psychologie im Alltag nutzen","description":"Ein Blog der ZHAW Z\u00fcrcher Hochschule f\u00fcr Angewandte Wissenschaften","potentialAction":[{"@type":"SearchAction","target":{"@type":"EntryPoint","urlTemplate":"https:\/\/blog.zhaw.ch\/iap\/?s={search_term_string}"},"query-input":{"@type":"PropertyValueSpecification","valueRequired":true,"valueName":"search_term_string"}}],"inLanguage":"de"}]}},"_links":{"self":[{"href":"https:\/\/blog.zhaw.ch\/iap\/wp-json\/wp\/v2\/pages\/6","targetHints":{"allow":["GET"]}}],"collection":[{"href":"https:\/\/blog.zhaw.ch\/iap\/wp-json\/wp\/v2\/pages"}],"about":[{"href":"https:\/\/blog.zhaw.ch\/iap\/wp-json\/wp\/v2\/types\/page"}],"author":[{"embeddable":true,"href":"https:\/\/blog.zhaw.ch\/iap\/wp-json\/wp\/v2\/users\/2"}],"replies":[{"embeddable":true,"href":"https:\/\/blog.zhaw.ch\/iap\/wp-json\/wp\/v2\/comments?post=6"}],"version-history":[{"count":6,"href":"https:\/\/blog.zhaw.ch\/iap\/wp-json\/wp\/v2\/pages\/6\/revisions"}],"predecessor-version":[{"id":5980,"href":"https:\/\/blog.zhaw.ch\/iap\/wp-json\/wp\/v2\/pages\/6\/revisions\/5980"}],"wp:attachment":[{"href":"https:\/\/blog.zhaw.ch\/iap\/wp-json\/wp\/v2\/media?parent=6"}],"curies":[{"name":"wp","href":"https:\/\/api.w.org\/{rel}","templated":true}]}}