{"id":15,"date":"2018-06-13T09:40:21","date_gmt":"2018-06-13T07:40:21","guid":{"rendered":"http:\/\/blog.zhaw.ch\/hochschulbibliothek\/?page_id=15"},"modified":"2018-06-28T16:43:02","modified_gmt":"2018-06-28T14:43:02","slug":"ueber-uns","status":"publish","type":"page","link":"https:\/\/blog.zhaw.ch\/hochschulbibliothek\/ueber-uns\/","title":{"rendered":"\u00dcber uns"},"content":{"rendered":"<div class=\"entry-content\">\n<p>Willkommen auf dem Blog &#8222;Beyond Books&#8220; der ZHAW Hochschulbibliothek. Als Bibliothek der ZHAW Z\u00fcrcher Hochschule f\u00fcr Angewandte Wissenschaften erbringen wir unsere Dienstleistungen an den drei Standorten in <a href=\"https:\/\/www.zhaw.ch\/de\/hochschulbibliothek\/arbeiten-lernen\/hochschulbibliothek-winterthur\/\">Winterthur<\/a>, <a href=\"https:\/\/www.zhaw.ch\/de\/hochschulbibliothek\/arbeiten-lernen\/hochschulbibliothek-zuerich\/\">Z\u00fcrich<\/a> und <a href=\"https:\/\/www.zhaw.ch\/de\/hochschulbibliothek\/arbeiten-lernen\/hochschulbibliothek-waedenswil\/\">W\u00e4denswil<\/a>. Wir heissen auch externe Besuchende herzlich willkommen. Als attraktive Lern- und Arbeitsorte auf dem Campus f\u00f6rdern wir den Austausch untereinander. Unsere Aufgabe ist es, die Hochschulangeh\u00f6rigen in s\u00e4mtlichen Fragen aus den Bereichen Informationskompetenz, Open Access und Publizieren zu unterst\u00fctzen und zu beraten.<\/p>\n<p>\u00dcber all diese verschiedenen Themen welche uns tagt\u00e4glich besch\u00e4ftigen, m\u00f6chten wir gerne berichten und mit Ihnen in Dialog treten. Unser Ziel ist es, Unterst\u00fctzung zu leisten im Studium, der Lehre oder der Forschung. Wir m\u00f6chten aber auch Interesse f\u00fcr Themen wecken, die f\u00fcr Sie bis anhin vielleicht noch unbekannt waren und einen Einblick in den vielseitigen Bibliotheksalltag erm\u00f6glichen. Sie wissen oder ahnen es schon, es geht dabei um mehr als nur um B\u00fccher, es geht dar\u00fcber hinaus: <strong>Beyond Books<\/strong>. In dem Sinne w\u00fcnschen wir viel Freude, erhellende Momente und spannende Diskussionen auf unserem Blog.<\/p>\n<p>M\u00f6chten Sie uns etwas mitteilen? Wir sind gespannt auf Ihr <a href=\"https:\/\/www.zhaw.ch\/de\/hochschulbibliothek\/ueber-uns\/#c61131\">Feedback<\/a>.<\/p>\n<p><a href=\"https:\/\/www.zhaw.ch\/de\/hochschulbibliothek\">www.zhaw.ch\/hochschulbibliothek<\/a><\/p>\n<\/div>\n","protected":false},"excerpt":{"rendered":"<p>Willkommen auf dem Blog &#8222;Beyond Books&#8220; der ZHAW Hochschulbibliothek. Als Bibliothek der ZHAW Z\u00fcrcher Hochschule f\u00fcr Angewandte Wissenschaften erbringen wir unsere Dienstleistungen an den drei Standorten in Winterthur, Z\u00fcrich und W\u00e4denswil. Wir heissen auch externe Besuchende herzlich willkommen. Als attraktive Lern- und Arbeitsorte auf dem Campus f\u00f6rdern wir den Austausch untereinander. Unsere Aufgabe ist es, [&hellip;]<\/p>\n","protected":false},"author":2,"featured_media":0,"parent":0,"menu_order":0,"comment_status":"closed","ping_status":"closed","template":"","meta":{"ngg_post_thumbnail":0,"footnotes":""},"class_list":["post-15","page","type-page","status-publish","hentry"],"yoast_head":"<!-- This site is optimized with the Yoast SEO Premium plugin v27.2 (Yoast SEO v27.2) - https:\/\/yoast.com\/product\/yoast-seo-premium-wordpress\/ -->\n<title>\u00dcber uns - Beyond Books<\/title>\n<meta name=\"robots\" content=\"index, follow, max-snippet:-1, max-image-preview:large, max-video-preview:-1\" \/>\n<link rel=\"canonical\" href=\"https:\/\/blog.zhaw.ch\/hochschulbibliothek\/ueber-uns\/\" \/>\n<meta property=\"og:locale\" content=\"de_DE\" \/>\n<meta property=\"og:type\" content=\"article\" \/>\n<meta property=\"og:title\" content=\"\u00dcber uns\" \/>\n<meta property=\"og:description\" content=\"Willkommen auf dem Blog &#8222;Beyond Books&#8220; der ZHAW Hochschulbibliothek. Als Bibliothek der ZHAW Z\u00fcrcher Hochschule f\u00fcr Angewandte Wissenschaften erbringen wir unsere Dienstleistungen an den drei Standorten in Winterthur, Z\u00fcrich und W\u00e4denswil. Wir heissen auch externe Besuchende herzlich willkommen. Als attraktive Lern- und Arbeitsorte auf dem Campus f\u00f6rdern wir den Austausch untereinander. Unsere Aufgabe ist es, [&hellip;]\" \/>\n<meta property=\"og:url\" content=\"https:\/\/blog.zhaw.ch\/hochschulbibliothek\/ueber-uns\/\" \/>\n<meta property=\"og:site_name\" content=\"Beyond Books\" \/>\n<meta property=\"article:modified_time\" content=\"2018-06-28T14:43:02+00:00\" \/>\n<meta name=\"twitter:card\" content=\"summary_large_image\" \/>\n<meta name=\"twitter:label1\" content=\"Gesch\u00e4tzte Lesezeit\" \/>\n\t<meta name=\"twitter:data1\" content=\"1\u00a0Minute\" \/>\n<script type=\"application\/ld+json\" class=\"yoast-schema-graph\">{\"@context\":\"https:\/\/schema.org\",\"@graph\":[{\"@type\":\"WebPage\",\"@id\":\"https:\/\/blog.zhaw.ch\/hochschulbibliothek\/ueber-uns\/\",\"url\":\"https:\/\/blog.zhaw.ch\/hochschulbibliothek\/ueber-uns\/\",\"name\":\"\u00dcber uns - Beyond Books\",\"isPartOf\":{\"@id\":\"https:\/\/blog.zhaw.ch\/hochschulbibliothek\/#website\"},\"datePublished\":\"2018-06-13T07:40:21+00:00\",\"dateModified\":\"2018-06-28T14:43:02+00:00\",\"breadcrumb\":{\"@id\":\"https:\/\/blog.zhaw.ch\/hochschulbibliothek\/ueber-uns\/#breadcrumb\"},\"inLanguage\":\"de\",\"potentialAction\":[{\"@type\":\"ReadAction\",\"target\":[\"https:\/\/blog.zhaw.ch\/hochschulbibliothek\/ueber-uns\/\"]}]},{\"@type\":\"BreadcrumbList\",\"@id\":\"https:\/\/blog.zhaw.ch\/hochschulbibliothek\/ueber-uns\/#breadcrumb\",\"itemListElement\":[{\"@type\":\"ListItem\",\"position\":1,\"name\":\"Startseite\",\"item\":\"https:\/\/blog.zhaw.ch\/hochschulbibliothek\/\"},{\"@type\":\"ListItem\",\"position\":2,\"name\":\"\u00dcber uns\"}]},{\"@type\":\"WebSite\",\"@id\":\"https:\/\/blog.zhaw.ch\/hochschulbibliothek\/#website\",\"url\":\"https:\/\/blog.zhaw.ch\/hochschulbibliothek\/\",\"name\":\"Beyond Books\",\"description\":\"Ein Blog der ZHAW Z\u00fcrcher Hochschule f\u00fcr Angewandte Wissenschaften\",\"potentialAction\":[{\"@type\":\"SearchAction\",\"target\":{\"@type\":\"EntryPoint\",\"urlTemplate\":\"https:\/\/blog.zhaw.ch\/hochschulbibliothek\/?s={search_term_string}\"},\"query-input\":{\"@type\":\"PropertyValueSpecification\",\"valueRequired\":true,\"valueName\":\"search_term_string\"}}],\"inLanguage\":\"de\"}]}<\/script>\n<!-- \/ Yoast SEO Premium plugin. -->","yoast_head_json":{"title":"\u00dcber uns - Beyond Books","robots":{"index":"index","follow":"follow","max-snippet":"max-snippet:-1","max-image-preview":"max-image-preview:large","max-video-preview":"max-video-preview:-1"},"canonical":"https:\/\/blog.zhaw.ch\/hochschulbibliothek\/ueber-uns\/","og_locale":"de_DE","og_type":"article","og_title":"\u00dcber uns","og_description":"Willkommen auf dem Blog &#8222;Beyond Books&#8220; der ZHAW Hochschulbibliothek. Als Bibliothek der ZHAW Z\u00fcrcher Hochschule f\u00fcr Angewandte Wissenschaften erbringen wir unsere Dienstleistungen an den drei Standorten in Winterthur, Z\u00fcrich und W\u00e4denswil. Wir heissen auch externe Besuchende herzlich willkommen. Als attraktive Lern- und Arbeitsorte auf dem Campus f\u00f6rdern wir den Austausch untereinander. Unsere Aufgabe ist es, [&hellip;]","og_url":"https:\/\/blog.zhaw.ch\/hochschulbibliothek\/ueber-uns\/","og_site_name":"Beyond Books","article_modified_time":"2018-06-28T14:43:02+00:00","twitter_card":"summary_large_image","twitter_misc":{"Gesch\u00e4tzte Lesezeit":"1\u00a0Minute"},"schema":{"@context":"https:\/\/schema.org","@graph":[{"@type":"WebPage","@id":"https:\/\/blog.zhaw.ch\/hochschulbibliothek\/ueber-uns\/","url":"https:\/\/blog.zhaw.ch\/hochschulbibliothek\/ueber-uns\/","name":"\u00dcber uns - Beyond Books","isPartOf":{"@id":"https:\/\/blog.zhaw.ch\/hochschulbibliothek\/#website"},"datePublished":"2018-06-13T07:40:21+00:00","dateModified":"2018-06-28T14:43:02+00:00","breadcrumb":{"@id":"https:\/\/blog.zhaw.ch\/hochschulbibliothek\/ueber-uns\/#breadcrumb"},"inLanguage":"de","potentialAction":[{"@type":"ReadAction","target":["https:\/\/blog.zhaw.ch\/hochschulbibliothek\/ueber-uns\/"]}]},{"@type":"BreadcrumbList","@id":"https:\/\/blog.zhaw.ch\/hochschulbibliothek\/ueber-uns\/#breadcrumb","itemListElement":[{"@type":"ListItem","position":1,"name":"Startseite","item":"https:\/\/blog.zhaw.ch\/hochschulbibliothek\/"},{"@type":"ListItem","position":2,"name":"\u00dcber uns"}]},{"@type":"WebSite","@id":"https:\/\/blog.zhaw.ch\/hochschulbibliothek\/#website","url":"https:\/\/blog.zhaw.ch\/hochschulbibliothek\/","name":"Beyond Books","description":"Ein Blog der ZHAW Z\u00fcrcher Hochschule f\u00fcr Angewandte Wissenschaften","potentialAction":[{"@type":"SearchAction","target":{"@type":"EntryPoint","urlTemplate":"https:\/\/blog.zhaw.ch\/hochschulbibliothek\/?s={search_term_string}"},"query-input":{"@type":"PropertyValueSpecification","valueRequired":true,"valueName":"search_term_string"}}],"inLanguage":"de"}]}},"_links":{"self":[{"href":"https:\/\/blog.zhaw.ch\/hochschulbibliothek\/wp-json\/wp\/v2\/pages\/15","targetHints":{"allow":["GET"]}}],"collection":[{"href":"https:\/\/blog.zhaw.ch\/hochschulbibliothek\/wp-json\/wp\/v2\/pages"}],"about":[{"href":"https:\/\/blog.zhaw.ch\/hochschulbibliothek\/wp-json\/wp\/v2\/types\/page"}],"author":[{"embeddable":true,"href":"https:\/\/blog.zhaw.ch\/hochschulbibliothek\/wp-json\/wp\/v2\/users\/2"}],"replies":[{"embeddable":true,"href":"https:\/\/blog.zhaw.ch\/hochschulbibliothek\/wp-json\/wp\/v2\/comments?post=15"}],"version-history":[{"count":10,"href":"https:\/\/blog.zhaw.ch\/hochschulbibliothek\/wp-json\/wp\/v2\/pages\/15\/revisions"}],"predecessor-version":[{"id":193,"href":"https:\/\/blog.zhaw.ch\/hochschulbibliothek\/wp-json\/wp\/v2\/pages\/15\/revisions\/193"}],"wp:attachment":[{"href":"https:\/\/blog.zhaw.ch\/hochschulbibliothek\/wp-json\/wp\/v2\/media?parent=15"}],"curies":[{"name":"wp","href":"https:\/\/api.w.org\/{rel}","templated":true}]}}