{"id":14,"date":"2017-11-07T09:05:25","date_gmt":"2017-11-07T08:05:25","guid":{"rendered":"http:\/\/blog.zhaw.ch\/gesundheitsoekonomie\/?page_id=14"},"modified":"2018-07-19T11:41:17","modified_gmt":"2018-07-19T09:41:17","slug":"ueber-uns","status":"publish","type":"page","link":"https:\/\/blog.zhaw.ch\/gesundheitsoekonomie\/ueber-uns\/","title":{"rendered":"\u00dcber uns"},"content":{"rendered":"<p class=\"split\">Das Winterthurer Institut f\u00fcr Gesundheits\u00f6konomie (WIG) ist ein Kompetenzzentrum f\u00fcr volks- und betriebswirtschaftliche Fragen im Gesundheitswesen. Schwerpunkte sind Health Technology Assessment (HTA), gesundheits\u00f6konomische Evaluationen, Versorgungsforschung, Patientenklassifikationssysteme, Gesundheitspolitik, Strategie- und Prozessoptimierung, Marktanalysen sowie integrierte Versorgung.<\/p>\n<div class=\"content-two-columns clearfix\">\n<div class=\"first column\">\n<p class=\"split\">Das WIG unterst\u00fctzt verschiedene \u00f6ffentliche und private Akteure im Gesundheitswesen mit innovativen Projekten und Expertenstudien zu aktuellen gesundheits\u00f6konomischen Fragen sowie strategischen und operativen Beratungsprojekten. Damit f\u00f6rdert das Institut den Wissenstransfer zwischen Wissenschaft und Praxis. Zugleich fliessen die Erkenntnisse aus Forschung und Beratung zur\u00fcck in die Aus- und Weiterbildung, wo unsere Fachleute ihre Erfahrungen und ihr Wissen weitergeben.<\/p>\n<div class=\"content-two-columns clearfix\">\n<div class=\"first column\">\n<p>Mehr Informationen zu unserem Institut:<br \/>\n<a href=\"https:\/\/www.zhaw.ch\/de\/sml\/institute-zentren\/wig\/\" target=\"_blank\" rel=\"noopener\">www.zhaw.ch\/de\/sml\/institute-zentren\/wig\/<\/a><\/p>\n<\/div>\n<\/div>\n<\/div>\n<\/div>\n<\/div>\n<\/div>\n<\/div>\n<\/div>\n","protected":false},"excerpt":{"rendered":"<p>Das Winterthurer Institut f\u00fcr Gesundheits\u00f6konomie (WIG) ist ein Kompetenzzentrum f\u00fcr volks- und betriebswirtschaftliche Fragen im Gesundheitswesen. Schwerpunkte sind Health Technology Assessment (HTA), gesundheits\u00f6konomische Evaluationen, Versorgungsforschung, Patientenklassifikationssysteme, Gesundheitspolitik, Strategie- und Prozessoptimierung, Marktanalysen sowie integrierte Versorgung. Das WIG unterst\u00fctzt verschiedene \u00f6ffentliche und private Akteure im Gesundheitswesen mit innovativen Projekten und Expertenstudien zu aktuellen gesundheits\u00f6konomischen Fragen sowie strategischen [&hellip;]<\/p>\n","protected":false},"author":2,"featured_media":0,"parent":0,"menu_order":0,"comment_status":"closed","ping_status":"closed","template":"","meta":{"ngg_post_thumbnail":0,"footnotes":""},"class_list":["post-14","page","type-page","status-publish","hentry"],"yoast_head":"<!-- This site is optimized with the Yoast SEO Premium plugin v27.2 (Yoast SEO v27.2) - https:\/\/yoast.com\/product\/yoast-seo-premium-wordpress\/ -->\n<title>\u00dcber uns - Gesundheits\u00f6konomie @ ZHAW<\/title>\n<meta name=\"robots\" content=\"index, follow, max-snippet:-1, max-image-preview:large, max-video-preview:-1\" \/>\n<link rel=\"canonical\" href=\"https:\/\/blog.zhaw.ch\/gesundheitsoekonomie\/ueber-uns\/\" \/>\n<meta property=\"og:locale\" content=\"de_DE\" \/>\n<meta property=\"og:type\" content=\"article\" \/>\n<meta property=\"og:title\" content=\"\u00dcber uns\" \/>\n<meta property=\"og:description\" content=\"Das Winterthurer Institut f\u00fcr Gesundheits\u00f6konomie (WIG) ist ein Kompetenzzentrum f\u00fcr volks- und betriebswirtschaftliche Fragen im Gesundheitswesen. Schwerpunkte sind Health Technology Assessment (HTA), gesundheits\u00f6konomische Evaluationen, Versorgungsforschung, Patientenklassifikationssysteme, Gesundheitspolitik, Strategie- und Prozessoptimierung, Marktanalysen sowie integrierte Versorgung. Das WIG unterst\u00fctzt verschiedene \u00f6ffentliche und private Akteure im Gesundheitswesen mit innovativen Projekten und Expertenstudien zu aktuellen gesundheits\u00f6konomischen Fragen sowie strategischen [&hellip;]\" \/>\n<meta property=\"og:url\" content=\"https:\/\/blog.zhaw.ch\/gesundheitsoekonomie\/ueber-uns\/\" \/>\n<meta property=\"og:site_name\" content=\"Gesundheits\u00f6konomie @ ZHAW\" \/>\n<meta property=\"article:modified_time\" content=\"2018-07-19T09:41:17+00:00\" \/>\n<meta name=\"twitter:card\" content=\"summary_large_image\" \/>\n<meta name=\"twitter:label1\" content=\"Gesch\u00e4tzte Lesezeit\" \/>\n\t<meta name=\"twitter:data1\" content=\"1\u00a0Minute\" \/>\n<script type=\"application\/ld+json\" class=\"yoast-schema-graph\">{\"@context\":\"https:\/\/schema.org\",\"@graph\":[{\"@type\":\"WebPage\",\"@id\":\"https:\/\/blog.zhaw.ch\/gesundheitsoekonomie\/ueber-uns\/\",\"url\":\"https:\/\/blog.zhaw.ch\/gesundheitsoekonomie\/ueber-uns\/\",\"name\":\"\u00dcber uns - Gesundheits\u00f6konomie @ ZHAW\",\"isPartOf\":{\"@id\":\"https:\/\/blog.zhaw.ch\/gesundheitsoekonomie\/#website\"},\"datePublished\":\"2017-11-07T08:05:25+00:00\",\"dateModified\":\"2018-07-19T09:41:17+00:00\",\"breadcrumb\":{\"@id\":\"https:\/\/blog.zhaw.ch\/gesundheitsoekonomie\/ueber-uns\/#breadcrumb\"},\"inLanguage\":\"de\",\"potentialAction\":[{\"@type\":\"ReadAction\",\"target\":[\"https:\/\/blog.zhaw.ch\/gesundheitsoekonomie\/ueber-uns\/\"]}]},{\"@type\":\"BreadcrumbList\",\"@id\":\"https:\/\/blog.zhaw.ch\/gesundheitsoekonomie\/ueber-uns\/#breadcrumb\",\"itemListElement\":[{\"@type\":\"ListItem\",\"position\":1,\"name\":\"Startseite\",\"item\":\"https:\/\/blog.zhaw.ch\/gesundheitsoekonomie\/\"},{\"@type\":\"ListItem\",\"position\":2,\"name\":\"\u00dcber uns\"}]},{\"@type\":\"WebSite\",\"@id\":\"https:\/\/blog.zhaw.ch\/gesundheitsoekonomie\/#website\",\"url\":\"https:\/\/blog.zhaw.ch\/gesundheitsoekonomie\/\",\"name\":\"Gesundheits\u00f6konomie @ ZHAW\",\"description\":\"Ein Blog der ZHAW Z\u00fcrcher Hochschule f\u00fcr Angewandte Wissenschaften\",\"potentialAction\":[{\"@type\":\"SearchAction\",\"target\":{\"@type\":\"EntryPoint\",\"urlTemplate\":\"https:\/\/blog.zhaw.ch\/gesundheitsoekonomie\/?s={search_term_string}\"},\"query-input\":{\"@type\":\"PropertyValueSpecification\",\"valueRequired\":true,\"valueName\":\"search_term_string\"}}],\"inLanguage\":\"de\"}]}<\/script>\n<!-- \/ Yoast SEO Premium plugin. -->","yoast_head_json":{"title":"\u00dcber uns - Gesundheits\u00f6konomie @ ZHAW","robots":{"index":"index","follow":"follow","max-snippet":"max-snippet:-1","max-image-preview":"max-image-preview:large","max-video-preview":"max-video-preview:-1"},"canonical":"https:\/\/blog.zhaw.ch\/gesundheitsoekonomie\/ueber-uns\/","og_locale":"de_DE","og_type":"article","og_title":"\u00dcber uns","og_description":"Das Winterthurer Institut f\u00fcr Gesundheits\u00f6konomie (WIG) ist ein Kompetenzzentrum f\u00fcr volks- und betriebswirtschaftliche Fragen im Gesundheitswesen. Schwerpunkte sind Health Technology Assessment (HTA), gesundheits\u00f6konomische Evaluationen, Versorgungsforschung, Patientenklassifikationssysteme, Gesundheitspolitik, Strategie- und Prozessoptimierung, Marktanalysen sowie integrierte Versorgung. Das WIG unterst\u00fctzt verschiedene \u00f6ffentliche und private Akteure im Gesundheitswesen mit innovativen Projekten und Expertenstudien zu aktuellen gesundheits\u00f6konomischen Fragen sowie strategischen [&hellip;]","og_url":"https:\/\/blog.zhaw.ch\/gesundheitsoekonomie\/ueber-uns\/","og_site_name":"Gesundheits\u00f6konomie @ ZHAW","article_modified_time":"2018-07-19T09:41:17+00:00","twitter_card":"summary_large_image","twitter_misc":{"Gesch\u00e4tzte Lesezeit":"1\u00a0Minute"},"schema":{"@context":"https:\/\/schema.org","@graph":[{"@type":"WebPage","@id":"https:\/\/blog.zhaw.ch\/gesundheitsoekonomie\/ueber-uns\/","url":"https:\/\/blog.zhaw.ch\/gesundheitsoekonomie\/ueber-uns\/","name":"\u00dcber uns - Gesundheits\u00f6konomie @ ZHAW","isPartOf":{"@id":"https:\/\/blog.zhaw.ch\/gesundheitsoekonomie\/#website"},"datePublished":"2017-11-07T08:05:25+00:00","dateModified":"2018-07-19T09:41:17+00:00","breadcrumb":{"@id":"https:\/\/blog.zhaw.ch\/gesundheitsoekonomie\/ueber-uns\/#breadcrumb"},"inLanguage":"de","potentialAction":[{"@type":"ReadAction","target":["https:\/\/blog.zhaw.ch\/gesundheitsoekonomie\/ueber-uns\/"]}]},{"@type":"BreadcrumbList","@id":"https:\/\/blog.zhaw.ch\/gesundheitsoekonomie\/ueber-uns\/#breadcrumb","itemListElement":[{"@type":"ListItem","position":1,"name":"Startseite","item":"https:\/\/blog.zhaw.ch\/gesundheitsoekonomie\/"},{"@type":"ListItem","position":2,"name":"\u00dcber uns"}]},{"@type":"WebSite","@id":"https:\/\/blog.zhaw.ch\/gesundheitsoekonomie\/#website","url":"https:\/\/blog.zhaw.ch\/gesundheitsoekonomie\/","name":"Gesundheits\u00f6konomie @ ZHAW","description":"Ein Blog der ZHAW Z\u00fcrcher Hochschule f\u00fcr Angewandte Wissenschaften","potentialAction":[{"@type":"SearchAction","target":{"@type":"EntryPoint","urlTemplate":"https:\/\/blog.zhaw.ch\/gesundheitsoekonomie\/?s={search_term_string}"},"query-input":{"@type":"PropertyValueSpecification","valueRequired":true,"valueName":"search_term_string"}}],"inLanguage":"de"}]}},"_links":{"self":[{"href":"https:\/\/blog.zhaw.ch\/gesundheitsoekonomie\/wp-json\/wp\/v2\/pages\/14","targetHints":{"allow":["GET"]}}],"collection":[{"href":"https:\/\/blog.zhaw.ch\/gesundheitsoekonomie\/wp-json\/wp\/v2\/pages"}],"about":[{"href":"https:\/\/blog.zhaw.ch\/gesundheitsoekonomie\/wp-json\/wp\/v2\/types\/page"}],"author":[{"embeddable":true,"href":"https:\/\/blog.zhaw.ch\/gesundheitsoekonomie\/wp-json\/wp\/v2\/users\/2"}],"replies":[{"embeddable":true,"href":"https:\/\/blog.zhaw.ch\/gesundheitsoekonomie\/wp-json\/wp\/v2\/comments?post=14"}],"version-history":[{"count":10,"href":"https:\/\/blog.zhaw.ch\/gesundheitsoekonomie\/wp-json\/wp\/v2\/pages\/14\/revisions"}],"predecessor-version":[{"id":461,"href":"https:\/\/blog.zhaw.ch\/gesundheitsoekonomie\/wp-json\/wp\/v2\/pages\/14\/revisions\/461"}],"wp:attachment":[{"href":"https:\/\/blog.zhaw.ch\/gesundheitsoekonomie\/wp-json\/wp\/v2\/media?parent=14"}],"curies":[{"name":"wp","href":"https:\/\/api.w.org\/{rel}","templated":true}]}}