{"id":12,"date":"2017-11-07T09:04:35","date_gmt":"2017-11-07T08:04:35","guid":{"rendered":"http:\/\/blog.zhaw.ch\/gesundheitsoekonomie\/?page_id=12"},"modified":"2022-04-20T14:53:33","modified_gmt":"2022-04-20T12:53:33","slug":"impressum","status":"publish","type":"page","link":"https:\/\/blog.zhaw.ch\/gesundheitsoekonomie\/impressum\/","title":{"rendered":"Impressum"},"content":{"rendered":"<p>ZHAW Z\u00fcrcher Hochschule f\u00fcr Angewandte Wissenschaften<br>Gertrudstrasse 15<br>CH-8401 Winterthur<br>Tel. +41 58 934 78 97<br>Fax +41 58 935 78 76<br>E-Mail <a href=\"mailto:info.wig@zhaw.ch\">info.wig@zhaw.ch<\/a><\/p>\n\n\n<p><\/p>\n","protected":false},"excerpt":{"rendered":"<p>ZHAW Z\u00fcrcher Hochschule f\u00fcr Angewandte WissenschaftenGertrudstrasse 15CH-8401 WinterthurTel. +41 58 934 78 97Fax +41 58 935 78 76E-Mail info.wig@zhaw.ch<\/p>\n","protected":false},"author":2,"featured_media":0,"parent":0,"menu_order":0,"comment_status":"closed","ping_status":"closed","template":"","meta":{"ngg_post_thumbnail":0,"footnotes":""},"class_list":["post-12","page","type-page","status-publish","hentry"],"yoast_head":"<!-- This site is optimized with the Yoast SEO Premium plugin v27.2 (Yoast SEO v27.2) - https:\/\/yoast.com\/product\/yoast-seo-premium-wordpress\/ -->\n<title>Impressum - Gesundheits\u00f6konomie @ ZHAW<\/title>\n<meta name=\"robots\" content=\"index, follow, max-snippet:-1, max-image-preview:large, max-video-preview:-1\" \/>\n<link rel=\"canonical\" href=\"https:\/\/blog.zhaw.ch\/gesundheitsoekonomie\/impressum\/\" \/>\n<meta property=\"og:locale\" content=\"de_DE\" \/>\n<meta property=\"og:type\" content=\"article\" \/>\n<meta property=\"og:title\" content=\"Impressum\" \/>\n<meta property=\"og:description\" content=\"ZHAW Z\u00fcrcher Hochschule f\u00fcr Angewandte WissenschaftenGertrudstrasse 15CH-8401 WinterthurTel. +41 58 934 78 97Fax +41 58 935 78 76E-Mail info.wig@zhaw.ch\" \/>\n<meta property=\"og:url\" content=\"https:\/\/blog.zhaw.ch\/gesundheitsoekonomie\/impressum\/\" \/>\n<meta property=\"og:site_name\" content=\"Gesundheits\u00f6konomie @ ZHAW\" \/>\n<meta property=\"article:modified_time\" content=\"2022-04-20T12:53:33+00:00\" \/>\n<meta name=\"twitter:card\" content=\"summary_large_image\" \/>\n<script type=\"application\/ld+json\" class=\"yoast-schema-graph\">{\"@context\":\"https:\/\/schema.org\",\"@graph\":[{\"@type\":\"WebPage\",\"@id\":\"https:\/\/blog.zhaw.ch\/gesundheitsoekonomie\/impressum\/\",\"url\":\"https:\/\/blog.zhaw.ch\/gesundheitsoekonomie\/impressum\/\",\"name\":\"Impressum - Gesundheits\u00f6konomie @ ZHAW\",\"isPartOf\":{\"@id\":\"https:\/\/blog.zhaw.ch\/gesundheitsoekonomie\/#website\"},\"datePublished\":\"2017-11-07T08:04:35+00:00\",\"dateModified\":\"2022-04-20T12:53:33+00:00\",\"breadcrumb\":{\"@id\":\"https:\/\/blog.zhaw.ch\/gesundheitsoekonomie\/impressum\/#breadcrumb\"},\"inLanguage\":\"de\",\"potentialAction\":[{\"@type\":\"ReadAction\",\"target\":[\"https:\/\/blog.zhaw.ch\/gesundheitsoekonomie\/impressum\/\"]}]},{\"@type\":\"BreadcrumbList\",\"@id\":\"https:\/\/blog.zhaw.ch\/gesundheitsoekonomie\/impressum\/#breadcrumb\",\"itemListElement\":[{\"@type\":\"ListItem\",\"position\":1,\"name\":\"Startseite\",\"item\":\"https:\/\/blog.zhaw.ch\/gesundheitsoekonomie\/\"},{\"@type\":\"ListItem\",\"position\":2,\"name\":\"Impressum\"}]},{\"@type\":\"WebSite\",\"@id\":\"https:\/\/blog.zhaw.ch\/gesundheitsoekonomie\/#website\",\"url\":\"https:\/\/blog.zhaw.ch\/gesundheitsoekonomie\/\",\"name\":\"Gesundheits\u00f6konomie @ ZHAW\",\"description\":\"Ein Blog der ZHAW Z\u00fcrcher Hochschule f\u00fcr Angewandte Wissenschaften\",\"potentialAction\":[{\"@type\":\"SearchAction\",\"target\":{\"@type\":\"EntryPoint\",\"urlTemplate\":\"https:\/\/blog.zhaw.ch\/gesundheitsoekonomie\/?s={search_term_string}\"},\"query-input\":{\"@type\":\"PropertyValueSpecification\",\"valueRequired\":true,\"valueName\":\"search_term_string\"}}],\"inLanguage\":\"de\"}]}<\/script>\n<!-- \/ Yoast SEO Premium plugin. -->","yoast_head_json":{"title":"Impressum - Gesundheits\u00f6konomie @ ZHAW","robots":{"index":"index","follow":"follow","max-snippet":"max-snippet:-1","max-image-preview":"max-image-preview:large","max-video-preview":"max-video-preview:-1"},"canonical":"https:\/\/blog.zhaw.ch\/gesundheitsoekonomie\/impressum\/","og_locale":"de_DE","og_type":"article","og_title":"Impressum","og_description":"ZHAW Z\u00fcrcher Hochschule f\u00fcr Angewandte WissenschaftenGertrudstrasse 15CH-8401 WinterthurTel. +41 58 934 78 97Fax +41 58 935 78 76E-Mail info.wig@zhaw.ch","og_url":"https:\/\/blog.zhaw.ch\/gesundheitsoekonomie\/impressum\/","og_site_name":"Gesundheits\u00f6konomie @ ZHAW","article_modified_time":"2022-04-20T12:53:33+00:00","twitter_card":"summary_large_image","schema":{"@context":"https:\/\/schema.org","@graph":[{"@type":"WebPage","@id":"https:\/\/blog.zhaw.ch\/gesundheitsoekonomie\/impressum\/","url":"https:\/\/blog.zhaw.ch\/gesundheitsoekonomie\/impressum\/","name":"Impressum - Gesundheits\u00f6konomie @ ZHAW","isPartOf":{"@id":"https:\/\/blog.zhaw.ch\/gesundheitsoekonomie\/#website"},"datePublished":"2017-11-07T08:04:35+00:00","dateModified":"2022-04-20T12:53:33+00:00","breadcrumb":{"@id":"https:\/\/blog.zhaw.ch\/gesundheitsoekonomie\/impressum\/#breadcrumb"},"inLanguage":"de","potentialAction":[{"@type":"ReadAction","target":["https:\/\/blog.zhaw.ch\/gesundheitsoekonomie\/impressum\/"]}]},{"@type":"BreadcrumbList","@id":"https:\/\/blog.zhaw.ch\/gesundheitsoekonomie\/impressum\/#breadcrumb","itemListElement":[{"@type":"ListItem","position":1,"name":"Startseite","item":"https:\/\/blog.zhaw.ch\/gesundheitsoekonomie\/"},{"@type":"ListItem","position":2,"name":"Impressum"}]},{"@type":"WebSite","@id":"https:\/\/blog.zhaw.ch\/gesundheitsoekonomie\/#website","url":"https:\/\/blog.zhaw.ch\/gesundheitsoekonomie\/","name":"Gesundheits\u00f6konomie @ ZHAW","description":"Ein Blog der ZHAW Z\u00fcrcher Hochschule f\u00fcr Angewandte Wissenschaften","potentialAction":[{"@type":"SearchAction","target":{"@type":"EntryPoint","urlTemplate":"https:\/\/blog.zhaw.ch\/gesundheitsoekonomie\/?s={search_term_string}"},"query-input":{"@type":"PropertyValueSpecification","valueRequired":true,"valueName":"search_term_string"}}],"inLanguage":"de"}]}},"_links":{"self":[{"href":"https:\/\/blog.zhaw.ch\/gesundheitsoekonomie\/wp-json\/wp\/v2\/pages\/12","targetHints":{"allow":["GET"]}}],"collection":[{"href":"https:\/\/blog.zhaw.ch\/gesundheitsoekonomie\/wp-json\/wp\/v2\/pages"}],"about":[{"href":"https:\/\/blog.zhaw.ch\/gesundheitsoekonomie\/wp-json\/wp\/v2\/types\/page"}],"author":[{"embeddable":true,"href":"https:\/\/blog.zhaw.ch\/gesundheitsoekonomie\/wp-json\/wp\/v2\/users\/2"}],"replies":[{"embeddable":true,"href":"https:\/\/blog.zhaw.ch\/gesundheitsoekonomie\/wp-json\/wp\/v2\/comments?post=12"}],"version-history":[{"count":4,"href":"https:\/\/blog.zhaw.ch\/gesundheitsoekonomie\/wp-json\/wp\/v2\/pages\/12\/revisions"}],"predecessor-version":[{"id":3019,"href":"https:\/\/blog.zhaw.ch\/gesundheitsoekonomie\/wp-json\/wp\/v2\/pages\/12\/revisions\/3019"}],"wp:attachment":[{"href":"https:\/\/blog.zhaw.ch\/gesundheitsoekonomie\/wp-json\/wp\/v2\/media?parent=12"}],"curies":[{"name":"wp","href":"https:\/\/api.w.org\/{rel}","templated":true}]}}