{"id":3342,"date":"2013-03-25T15:38:47","date_gmt":"2013-03-25T14:38:47","guid":{"rendered":"http:\/\/blog.zhaw.ch\/forschungssupport\/?page_id=3342"},"modified":"2019-10-30T09:03:24","modified_gmt":"2019-10-30T08:03:24","slug":"uber-uns","status":"publish","type":"page","link":"https:\/\/blog.zhaw.ch\/forschungssupport\/uber-uns\/","title":{"rendered":"\u00dcber uns"},"content":{"rendered":"<p>Die ZHAW ist eine der f\u00fchrenden Schweizer Hochschulen f\u00fcr Angewandte Wissenschaften. Wir sind in Lehre, Forschung, Weiterbildung und Dienstleistung t\u00e4tig \u2013 praxisnah und wissenschaftlich fundiert.<\/p>\n<p>In Forschung und Entwicklung orientieren wir uns an zentralen gesellschaftlichen Herausforderungen und legen die Schwerpunkte auf Energie und Gesellschaftliche Integration. Mit unseren Standorten in Winterthur, Z\u00fcrich und W\u00e4denswil sind wir regional verankert und kooperieren mit einer Vielzahl an internationalen Partnern.<\/p>\n<p>In diesem Blog informieren wir \u00fcber aktuelle Ausschreibungen, Veranstaltungen, Projekte und spannende K\u00f6pfe aus der Forschungswelt mit Bezug zur ZHAW. Zus\u00e4tzlich versenden wir 4x j\u00e4hrlich unseren <a href=\"https:\/\/www.zhaw.ch\/de\/forschung\/kontakte\/newsletter\/\" target=\"_blank\" rel=\"noopener noreferrer\">F&amp;E-Newsletter<\/a> per E-Mail.<\/p>\n<p><a href=\"https:\/\/www.zhaw.ch\/de\/forschung\/\" target=\"_blank\" rel=\"noopener noreferrer\">Mehr zur Forschung und Entwicklung an der ZHAW<\/a><\/p>\n","protected":false},"excerpt":{"rendered":"<p>Die ZHAW ist eine der f\u00fchrenden Schweizer Hochschulen f\u00fcr Angewandte Wissenschaften. Wir sind in Lehre, Forschung, Weiterbildung und Dienstleistung t\u00e4tig \u2013 praxisnah und wissenschaftlich fundiert. In Forschung und Entwicklung orientieren wir uns an zentralen gesellschaftlichen Herausforderungen und legen die Schwerpunkte auf Energie und Gesellschaftliche Integration. Mit unseren Standorten in Winterthur, Z\u00fcrich und W\u00e4denswil sind wir [&hellip;]<\/p>\n","protected":false},"author":6,"featured_media":0,"parent":0,"menu_order":0,"comment_status":"closed","ping_status":"closed","template":"","meta":{"ngg_post_thumbnail":0,"footnotes":""},"class_list":["post-3342","page","type-page","status-publish","hentry"],"yoast_head":"<!-- This site is optimized with the Yoast SEO Premium plugin v27.2 (Yoast SEO v27.2) - https:\/\/yoast.com\/product\/yoast-seo-premium-wordpress\/ -->\n<title>\u00dcber uns - Blog f\u00fcr Forschung und Entwicklung<\/title>\n<meta name=\"robots\" content=\"index, follow, max-snippet:-1, max-image-preview:large, max-video-preview:-1\" \/>\n<link rel=\"canonical\" href=\"https:\/\/blog.zhaw.ch\/forschungssupport\/uber-uns\/\" \/>\n<meta property=\"og:locale\" content=\"de_DE\" \/>\n<meta property=\"og:type\" content=\"article\" \/>\n<meta property=\"og:title\" content=\"\u00dcber uns\" \/>\n<meta property=\"og:description\" content=\"Die ZHAW ist eine der f\u00fchrenden Schweizer Hochschulen f\u00fcr Angewandte Wissenschaften. Wir sind in Lehre, Forschung, Weiterbildung und Dienstleistung t\u00e4tig \u2013 praxisnah und wissenschaftlich fundiert. In Forschung und Entwicklung orientieren wir uns an zentralen gesellschaftlichen Herausforderungen und legen die Schwerpunkte auf Energie und Gesellschaftliche Integration. Mit unseren Standorten in Winterthur, Z\u00fcrich und W\u00e4denswil sind wir [&hellip;]\" \/>\n<meta property=\"og:url\" content=\"https:\/\/blog.zhaw.ch\/forschungssupport\/uber-uns\/\" \/>\n<meta property=\"og:site_name\" content=\"Blog f\u00fcr Forschung und Entwicklung\" \/>\n<meta property=\"article:modified_time\" content=\"2019-10-30T08:03:24+00:00\" \/>\n<meta name=\"twitter:card\" content=\"summary_large_image\" \/>\n<meta name=\"twitter:label1\" content=\"Gesch\u00e4tzte Lesezeit\" \/>\n\t<meta name=\"twitter:data1\" content=\"1\u00a0Minute\" \/>\n<script type=\"application\/ld+json\" class=\"yoast-schema-graph\">{\"@context\":\"https:\/\/schema.org\",\"@graph\":[{\"@type\":\"WebPage\",\"@id\":\"https:\/\/blog.zhaw.ch\/forschungssupport\/uber-uns\/\",\"url\":\"https:\/\/blog.zhaw.ch\/forschungssupport\/uber-uns\/\",\"name\":\"\u00dcber uns - Blog f\u00fcr Forschung und Entwicklung\",\"isPartOf\":{\"@id\":\"https:\/\/blog.zhaw.ch\/forschungssupport\/#website\"},\"datePublished\":\"2013-03-25T14:38:47+00:00\",\"dateModified\":\"2019-10-30T08:03:24+00:00\",\"breadcrumb\":{\"@id\":\"https:\/\/blog.zhaw.ch\/forschungssupport\/uber-uns\/#breadcrumb\"},\"inLanguage\":\"de\",\"potentialAction\":[{\"@type\":\"ReadAction\",\"target\":[\"https:\/\/blog.zhaw.ch\/forschungssupport\/uber-uns\/\"]}]},{\"@type\":\"BreadcrumbList\",\"@id\":\"https:\/\/blog.zhaw.ch\/forschungssupport\/uber-uns\/#breadcrumb\",\"itemListElement\":[{\"@type\":\"ListItem\",\"position\":1,\"name\":\"Startseite\",\"item\":\"https:\/\/blog.zhaw.ch\/forschungssupport\/\"},{\"@type\":\"ListItem\",\"position\":2,\"name\":\"\u00dcber uns\"}]},{\"@type\":\"WebSite\",\"@id\":\"https:\/\/blog.zhaw.ch\/forschungssupport\/#website\",\"url\":\"https:\/\/blog.zhaw.ch\/forschungssupport\/\",\"name\":\"Blog f\u00fcr Forschung und Entwicklung\",\"description\":\"Ein Blog der ZHAW Z\u00fcrcher Hochschule f\u00fcr Angewandte Wissenschaften\",\"potentialAction\":[{\"@type\":\"SearchAction\",\"target\":{\"@type\":\"EntryPoint\",\"urlTemplate\":\"https:\/\/blog.zhaw.ch\/forschungssupport\/?s={search_term_string}\"},\"query-input\":{\"@type\":\"PropertyValueSpecification\",\"valueRequired\":true,\"valueName\":\"search_term_string\"}}],\"inLanguage\":\"de\"}]}<\/script>\n<!-- \/ Yoast SEO Premium plugin. -->","yoast_head_json":{"title":"\u00dcber uns - Blog f\u00fcr Forschung und Entwicklung","robots":{"index":"index","follow":"follow","max-snippet":"max-snippet:-1","max-image-preview":"max-image-preview:large","max-video-preview":"max-video-preview:-1"},"canonical":"https:\/\/blog.zhaw.ch\/forschungssupport\/uber-uns\/","og_locale":"de_DE","og_type":"article","og_title":"\u00dcber uns","og_description":"Die ZHAW ist eine der f\u00fchrenden Schweizer Hochschulen f\u00fcr Angewandte Wissenschaften. Wir sind in Lehre, Forschung, Weiterbildung und Dienstleistung t\u00e4tig \u2013 praxisnah und wissenschaftlich fundiert. In Forschung und Entwicklung orientieren wir uns an zentralen gesellschaftlichen Herausforderungen und legen die Schwerpunkte auf Energie und Gesellschaftliche Integration. Mit unseren Standorten in Winterthur, Z\u00fcrich und W\u00e4denswil sind wir [&hellip;]","og_url":"https:\/\/blog.zhaw.ch\/forschungssupport\/uber-uns\/","og_site_name":"Blog f\u00fcr Forschung und Entwicklung","article_modified_time":"2019-10-30T08:03:24+00:00","twitter_card":"summary_large_image","twitter_misc":{"Gesch\u00e4tzte Lesezeit":"1\u00a0Minute"},"schema":{"@context":"https:\/\/schema.org","@graph":[{"@type":"WebPage","@id":"https:\/\/blog.zhaw.ch\/forschungssupport\/uber-uns\/","url":"https:\/\/blog.zhaw.ch\/forschungssupport\/uber-uns\/","name":"\u00dcber uns - Blog f\u00fcr Forschung und Entwicklung","isPartOf":{"@id":"https:\/\/blog.zhaw.ch\/forschungssupport\/#website"},"datePublished":"2013-03-25T14:38:47+00:00","dateModified":"2019-10-30T08:03:24+00:00","breadcrumb":{"@id":"https:\/\/blog.zhaw.ch\/forschungssupport\/uber-uns\/#breadcrumb"},"inLanguage":"de","potentialAction":[{"@type":"ReadAction","target":["https:\/\/blog.zhaw.ch\/forschungssupport\/uber-uns\/"]}]},{"@type":"BreadcrumbList","@id":"https:\/\/blog.zhaw.ch\/forschungssupport\/uber-uns\/#breadcrumb","itemListElement":[{"@type":"ListItem","position":1,"name":"Startseite","item":"https:\/\/blog.zhaw.ch\/forschungssupport\/"},{"@type":"ListItem","position":2,"name":"\u00dcber uns"}]},{"@type":"WebSite","@id":"https:\/\/blog.zhaw.ch\/forschungssupport\/#website","url":"https:\/\/blog.zhaw.ch\/forschungssupport\/","name":"Blog f\u00fcr Forschung und Entwicklung","description":"Ein Blog der ZHAW Z\u00fcrcher Hochschule f\u00fcr Angewandte Wissenschaften","potentialAction":[{"@type":"SearchAction","target":{"@type":"EntryPoint","urlTemplate":"https:\/\/blog.zhaw.ch\/forschungssupport\/?s={search_term_string}"},"query-input":{"@type":"PropertyValueSpecification","valueRequired":true,"valueName":"search_term_string"}}],"inLanguage":"de"}]}},"_links":{"self":[{"href":"https:\/\/blog.zhaw.ch\/forschungssupport\/wp-json\/wp\/v2\/pages\/3342","targetHints":{"allow":["GET"]}}],"collection":[{"href":"https:\/\/blog.zhaw.ch\/forschungssupport\/wp-json\/wp\/v2\/pages"}],"about":[{"href":"https:\/\/blog.zhaw.ch\/forschungssupport\/wp-json\/wp\/v2\/types\/page"}],"author":[{"embeddable":true,"href":"https:\/\/blog.zhaw.ch\/forschungssupport\/wp-json\/wp\/v2\/users\/6"}],"replies":[{"embeddable":true,"href":"https:\/\/blog.zhaw.ch\/forschungssupport\/wp-json\/wp\/v2\/comments?post=3342"}],"version-history":[{"count":9,"href":"https:\/\/blog.zhaw.ch\/forschungssupport\/wp-json\/wp\/v2\/pages\/3342\/revisions"}],"predecessor-version":[{"id":10634,"href":"https:\/\/blog.zhaw.ch\/forschungssupport\/wp-json\/wp\/v2\/pages\/3342\/revisions\/10634"}],"wp:attachment":[{"href":"https:\/\/blog.zhaw.ch\/forschungssupport\/wp-json\/wp\/v2\/media?parent=3342"}],"curies":[{"name":"wp","href":"https:\/\/api.w.org\/{rel}","templated":true}]}}