{"id":6,"date":"2013-11-04T12:42:49","date_gmt":"2013-11-04T10:42:49","guid":{"rendered":"http:\/\/blog.zhaw.ch\/cie\/?page_id=6"},"modified":"2018-07-12T09:39:28","modified_gmt":"2018-07-12T07:39:28","slug":"ueber-uns","status":"publish","type":"page","link":"https:\/\/blog.zhaw.ch\/entrepreneurship\/ueber-uns\/","title":{"rendered":"\u00dcber uns"},"content":{"rendered":"<p><a href=\"https:\/\/blog.zhaw.ch\/entrepreneurship\/\">Entrepreneurship@ZHAW<\/a> integriert <strong>alle Gr\u00fcnder-Aktivit\u00e4ten an der ZHAW<\/strong> und ist Anlauf- und Beratungsstelle f\u00fcr angehende Spin-Offs und Startups sowie gr\u00fcndungsinteressierte Angeh\u00f6rige der ZHAW. Bist Du Student\/Studentin, Alumni, Mitarbeiter\/Mitarbeiterin oder Weiterbildungsabsolvent der ZHAW? Dann kannst Du auf Deinem Weg zur Startup-Gr\u00fcndung bei Entrepreneurship@ZHAW von professionellen und finanziell unterst\u00fctzen F\u00f6rder-Angeboten profitieren. Mit dabei sind stets Startup Experten mit eigener Gr\u00fcndungserfahrung.<\/p>\n<p>Neben den <strong>Innosuisse Start-up Trainings durchgef\u00fchrt von STARTUP CAMPUS <\/strong>bieten wir Dir massgeschneiderte Unterst\u00fctzung in allen Phasen der Unternehmensgr\u00fcndung, wie z.B. Startup-Fr\u00fchphasen-Unterst\u00fctzung im <strong>RUNWAY Startup Incubator<\/strong> oder das <strong>Innovation to Business<\/strong> Programm.<\/p>\n<p>Daneben gestalten wir spannende Events, wie die <strong>ZHAW Startup Challenge<\/strong> oder den <strong>Career Warmup<\/strong>, der zweimal im Jahr zu aktuellen Themen aus der Startupszene stattfindet.<\/p>\n<p>Die aktuellsten News rund um das Thema Unternehmensgr\u00fcndung an der ZHAW findest Du in unserem <strong>Entrepreneurship@ZHAW Blog<\/strong>.<\/p>\n","protected":false},"excerpt":{"rendered":"<p>Entrepreneurship@ZHAW integriert alle Gr\u00fcnder-Aktivit\u00e4ten an der ZHAW und ist Anlauf- und Beratungsstelle f\u00fcr angehende Spin-Offs und Startups sowie gr\u00fcndungsinteressierte Angeh\u00f6rige der ZHAW. Bist Du Student\/Studentin, Alumni, Mitarbeiter\/Mitarbeiterin oder Weiterbildungsabsolvent der ZHAW? Dann kannst Du auf Deinem Weg zur Startup-Gr\u00fcndung bei Entrepreneurship@ZHAW von professionellen und finanziell unterst\u00fctzen F\u00f6rder-Angeboten profitieren. Mit dabei sind stets Startup Experten mit [&hellip;]<\/p>\n","protected":false},"author":2,"featured_media":0,"parent":0,"menu_order":0,"comment_status":"closed","ping_status":"closed","template":"","meta":{"ngg_post_thumbnail":0,"footnotes":""},"class_list":["post-6","page","type-page","status-publish","hentry"],"yoast_head":"<!-- This site is optimized with the Yoast SEO Premium plugin v27.2 (Yoast SEO v27.2) - https:\/\/yoast.com\/product\/yoast-seo-premium-wordpress\/ -->\n<title>\u00dcber uns - Entrepreneurship\u00ad@zhaw Blog<\/title>\n<meta name=\"robots\" content=\"index, follow, max-snippet:-1, max-image-preview:large, max-video-preview:-1\" \/>\n<link rel=\"canonical\" href=\"https:\/\/blog.zhaw.ch\/entrepreneurship\/ueber-uns\/\" \/>\n<meta property=\"og:locale\" content=\"de_DE\" \/>\n<meta property=\"og:type\" content=\"article\" \/>\n<meta property=\"og:title\" content=\"\u00dcber uns\" \/>\n<meta property=\"og:description\" content=\"Entrepreneurship@ZHAW integriert alle Gr\u00fcnder-Aktivit\u00e4ten an der ZHAW und ist Anlauf- und Beratungsstelle f\u00fcr angehende Spin-Offs und Startups sowie gr\u00fcndungsinteressierte Angeh\u00f6rige der ZHAW. Bist Du Student\/Studentin, Alumni, Mitarbeiter\/Mitarbeiterin oder Weiterbildungsabsolvent der ZHAW? Dann kannst Du auf Deinem Weg zur Startup-Gr\u00fcndung bei Entrepreneurship@ZHAW von professionellen und finanziell unterst\u00fctzen F\u00f6rder-Angeboten profitieren. Mit dabei sind stets Startup Experten mit [&hellip;]\" \/>\n<meta property=\"og:url\" content=\"https:\/\/blog.zhaw.ch\/entrepreneurship\/ueber-uns\/\" \/>\n<meta property=\"og:site_name\" content=\"Entrepreneurship\u00ad@zhaw Blog\" \/>\n<meta property=\"article:modified_time\" content=\"2018-07-12T07:39:28+00:00\" \/>\n<meta name=\"twitter:card\" content=\"summary_large_image\" \/>\n<meta name=\"twitter:label1\" content=\"Gesch\u00e4tzte Lesezeit\" \/>\n\t<meta name=\"twitter:data1\" content=\"1\u00a0Minute\" \/>\n<script type=\"application\/ld+json\" class=\"yoast-schema-graph\">{\"@context\":\"https:\/\/schema.org\",\"@graph\":[{\"@type\":\"WebPage\",\"@id\":\"https:\/\/blog.zhaw.ch\/entrepreneurship\/ueber-uns\/\",\"url\":\"https:\/\/blog.zhaw.ch\/entrepreneurship\/ueber-uns\/\",\"name\":\"\u00dcber uns - Entrepreneurship\u00ad@zhaw Blog\",\"isPartOf\":{\"@id\":\"https:\/\/blog.zhaw.ch\/entrepreneurship\/#website\"},\"datePublished\":\"2013-11-04T10:42:49+00:00\",\"dateModified\":\"2018-07-12T07:39:28+00:00\",\"breadcrumb\":{\"@id\":\"https:\/\/blog.zhaw.ch\/entrepreneurship\/ueber-uns\/#breadcrumb\"},\"inLanguage\":\"de\",\"potentialAction\":[{\"@type\":\"ReadAction\",\"target\":[\"https:\/\/blog.zhaw.ch\/entrepreneurship\/ueber-uns\/\"]}]},{\"@type\":\"BreadcrumbList\",\"@id\":\"https:\/\/blog.zhaw.ch\/entrepreneurship\/ueber-uns\/#breadcrumb\",\"itemListElement\":[{\"@type\":\"ListItem\",\"position\":1,\"name\":\"Startseite\",\"item\":\"https:\/\/blog.zhaw.ch\/entrepreneurship\/\"},{\"@type\":\"ListItem\",\"position\":2,\"name\":\"\u00dcber uns\"}]},{\"@type\":\"WebSite\",\"@id\":\"https:\/\/blog.zhaw.ch\/entrepreneurship\/#website\",\"url\":\"https:\/\/blog.zhaw.ch\/entrepreneurship\/\",\"name\":\"Entrepreneurship\u00ad@zhaw Blog\",\"description\":\"Ein Blog der ZHAW Z\u00fcrcher Hochschule f\u00fcr Angewandte Wissenschaften\",\"potentialAction\":[{\"@type\":\"SearchAction\",\"target\":{\"@type\":\"EntryPoint\",\"urlTemplate\":\"https:\/\/blog.zhaw.ch\/entrepreneurship\/?s={search_term_string}\"},\"query-input\":{\"@type\":\"PropertyValueSpecification\",\"valueRequired\":true,\"valueName\":\"search_term_string\"}}],\"inLanguage\":\"de\"}]}<\/script>\n<!-- \/ Yoast SEO Premium plugin. -->","yoast_head_json":{"title":"\u00dcber uns - Entrepreneurship\u00ad@zhaw Blog","robots":{"index":"index","follow":"follow","max-snippet":"max-snippet:-1","max-image-preview":"max-image-preview:large","max-video-preview":"max-video-preview:-1"},"canonical":"https:\/\/blog.zhaw.ch\/entrepreneurship\/ueber-uns\/","og_locale":"de_DE","og_type":"article","og_title":"\u00dcber uns","og_description":"Entrepreneurship@ZHAW integriert alle Gr\u00fcnder-Aktivit\u00e4ten an der ZHAW und ist Anlauf- und Beratungsstelle f\u00fcr angehende Spin-Offs und Startups sowie gr\u00fcndungsinteressierte Angeh\u00f6rige der ZHAW. Bist Du Student\/Studentin, Alumni, Mitarbeiter\/Mitarbeiterin oder Weiterbildungsabsolvent der ZHAW? Dann kannst Du auf Deinem Weg zur Startup-Gr\u00fcndung bei Entrepreneurship@ZHAW von professionellen und finanziell unterst\u00fctzen F\u00f6rder-Angeboten profitieren. Mit dabei sind stets Startup Experten mit [&hellip;]","og_url":"https:\/\/blog.zhaw.ch\/entrepreneurship\/ueber-uns\/","og_site_name":"Entrepreneurship\u00ad@zhaw Blog","article_modified_time":"2018-07-12T07:39:28+00:00","twitter_card":"summary_large_image","twitter_misc":{"Gesch\u00e4tzte Lesezeit":"1\u00a0Minute"},"schema":{"@context":"https:\/\/schema.org","@graph":[{"@type":"WebPage","@id":"https:\/\/blog.zhaw.ch\/entrepreneurship\/ueber-uns\/","url":"https:\/\/blog.zhaw.ch\/entrepreneurship\/ueber-uns\/","name":"\u00dcber uns - Entrepreneurship\u00ad@zhaw Blog","isPartOf":{"@id":"https:\/\/blog.zhaw.ch\/entrepreneurship\/#website"},"datePublished":"2013-11-04T10:42:49+00:00","dateModified":"2018-07-12T07:39:28+00:00","breadcrumb":{"@id":"https:\/\/blog.zhaw.ch\/entrepreneurship\/ueber-uns\/#breadcrumb"},"inLanguage":"de","potentialAction":[{"@type":"ReadAction","target":["https:\/\/blog.zhaw.ch\/entrepreneurship\/ueber-uns\/"]}]},{"@type":"BreadcrumbList","@id":"https:\/\/blog.zhaw.ch\/entrepreneurship\/ueber-uns\/#breadcrumb","itemListElement":[{"@type":"ListItem","position":1,"name":"Startseite","item":"https:\/\/blog.zhaw.ch\/entrepreneurship\/"},{"@type":"ListItem","position":2,"name":"\u00dcber uns"}]},{"@type":"WebSite","@id":"https:\/\/blog.zhaw.ch\/entrepreneurship\/#website","url":"https:\/\/blog.zhaw.ch\/entrepreneurship\/","name":"Entrepreneurship\u00ad@zhaw Blog","description":"Ein Blog der ZHAW Z\u00fcrcher Hochschule f\u00fcr Angewandte Wissenschaften","potentialAction":[{"@type":"SearchAction","target":{"@type":"EntryPoint","urlTemplate":"https:\/\/blog.zhaw.ch\/entrepreneurship\/?s={search_term_string}"},"query-input":{"@type":"PropertyValueSpecification","valueRequired":true,"valueName":"search_term_string"}}],"inLanguage":"de"}]}},"_links":{"self":[{"href":"https:\/\/blog.zhaw.ch\/entrepreneurship\/wp-json\/wp\/v2\/pages\/6","targetHints":{"allow":["GET"]}}],"collection":[{"href":"https:\/\/blog.zhaw.ch\/entrepreneurship\/wp-json\/wp\/v2\/pages"}],"about":[{"href":"https:\/\/blog.zhaw.ch\/entrepreneurship\/wp-json\/wp\/v2\/types\/page"}],"author":[{"embeddable":true,"href":"https:\/\/blog.zhaw.ch\/entrepreneurship\/wp-json\/wp\/v2\/users\/2"}],"replies":[{"embeddable":true,"href":"https:\/\/blog.zhaw.ch\/entrepreneurship\/wp-json\/wp\/v2\/comments?post=6"}],"version-history":[{"count":11,"href":"https:\/\/blog.zhaw.ch\/entrepreneurship\/wp-json\/wp\/v2\/pages\/6\/revisions"}],"predecessor-version":[{"id":984,"href":"https:\/\/blog.zhaw.ch\/entrepreneurship\/wp-json\/wp\/v2\/pages\/6\/revisions\/984"}],"wp:attachment":[{"href":"https:\/\/blog.zhaw.ch\/entrepreneurship\/wp-json\/wp\/v2\/media?parent=6"}],"curies":[{"name":"wp","href":"https:\/\/api.w.org\/{rel}","templated":true}]}}